{"id":2216,"date":"2024-11-26T15:55:27","date_gmt":"2024-11-26T21:55:27","guid":{"rendered":"https:\/\/idpacongress2025.com\/registro\/"},"modified":"2025-11-26T12:43:55","modified_gmt":"2025-11-26T18:43:55","slug":"registro","status":"publish","type":"page","link":"https:\/\/idpacongress2025.com\/es\/registro\/","title":{"rendered":"Registro"},"content":{"rendered":"\t\t<div data-elementor-type=\"wp-post\" data-elementor-id=\"2216\" class=\"elementor elementor-2216 elementor-2106\">\n\t\t\t\t<div class=\"elementor-element elementor-element-d10299b e-con-full e-flex e-con e-parent\" data-id=\"d10299b\" data-element_type=\"container\">\n\t\t<div class=\"elementor-element elementor-element-28bbd1d e-flex e-con-boxed e-con e-child\" data-id=\"28bbd1d\" data-element_type=\"container\">\n\t\t\t\t\t<div class=\"e-con-inner\">\n\t\t<div class=\"elementor-element elementor-element-0804932 e-con-full e-grid e-con e-child\" data-id=\"0804932\" data-element_type=\"container\">\n\t\t\t\t<div class=\"elementor-element elementor-element-8fc31f1 elementor-widget elementor-widget-image\" data-id=\"8fc31f1\" data-element_type=\"widget\" data-widget_type=\"image.default\">\n\t\t\t\t<div class=\"elementor-widget-container\">\n\t\t\t\t\t\t\t\t\t\t\t\t<figure class=\"wp-caption\">\n\t\t\t\t\t\t\t\t\t\t<img decoding=\"async\" src=\"https:\/\/idpacongress2025.com\/wp-content\/uploads\/elementor\/thumbs\/IDPA-Logo-2-e1740004813778-1-r1ulwo7ks6y4reppkn9du5rzpt282y9c18we2n31lc.png\" title=\"IDPA-Logo-2-e1740004813778.png\" alt=\"IDPA-Logo-2-e1740004813778.png\" loading=\"lazy\" \/>\t\t\t\t\t\t\t\t\t\t\t<figcaption class=\"widget-image-caption wp-caption-text\">IDPA Logo<\/figcaption>\n\t\t\t\t\t\t\t\t\t\t<\/figure>\n\t\t\t\t\t\t\t\t\t<\/div>\n\t\t\t\t<\/div>\n\t\t\t\t<div class=\"elementor-element elementor-element-250d394 elementor-widget elementor-widget-image\" data-id=\"250d394\" data-element_type=\"widget\" data-widget_type=\"image.default\">\n\t\t\t\t<div class=\"elementor-widget-container\">\n\t\t\t\t\t\t\t\t\t\t\t\t<figure class=\"wp-caption\">\n\t\t\t\t\t\t\t\t\t\t<img decoding=\"async\" src=\"https:\/\/idpacongress2025.com\/wp-content\/uploads\/elementor\/thumbs\/IDPA_2025-Logo-IDPA-r1ulwo7ks6y4reppkn9du5rzpt282y9c18we2n31lc.png\" title=\"IDPA_2025-Logo-IDPA.png\" alt=\"IDPA_2025-Logo-IDPA.png\" loading=\"lazy\" \/>\t\t\t\t\t\t\t\t\t\t\t<figcaption class=\"widget-image-caption wp-caption-text\">IDPA 2025 Congress Logo<\/figcaption>\n\t\t\t\t\t\t\t\t\t\t<\/figure>\n\t\t\t\t\t\t\t\t\t<\/div>\n\t\t\t\t<\/div>\n\t\t\t\t<div class=\"elementor-element elementor-element-db5966e elementor-widget elementor-widget-image\" data-id=\"db5966e\" data-element_type=\"widget\" data-widget_type=\"image.default\">\n\t\t\t\t<div class=\"elementor-widget-container\">\n\t\t\t\t\t\t\t\t\t\t\t\t<figure class=\"wp-caption\">\n\t\t\t\t\t\t\t\t\t\t<img fetchpriority=\"high\" decoding=\"async\" width=\"576\" height=\"487\" src=\"https:\/\/idpacongress2025.com\/wp-content\/uploads\/2025\/02\/Wuqu-Kawoq-Logo-1.png\" class=\"attachment-full size-full wp-image-2726\" alt=\"\" srcset=\"https:\/\/idpacongress2025.com\/wp-content\/uploads\/2025\/02\/Wuqu-Kawoq-Logo-1.png 576w, https:\/\/idpacongress2025.com\/wp-content\/uploads\/2025\/02\/Wuqu-Kawoq-Logo-1-300x254.png 300w\" sizes=\"(max-width: 576px) 100vw, 576px\" \/>\t\t\t\t\t\t\t\t\t\t\t<figcaption class=\"widget-image-caption wp-caption-text\">Maya Health Alliance Logo<\/figcaption>\n\t\t\t\t\t\t\t\t\t\t<\/figure>\n\t\t\t\t\t\t\t\t\t<\/div>\n\t\t\t\t<\/div>\n\t\t\t\t<\/div>\n\t\t\t\t\t<\/div>\n\t\t\t\t<\/div>\n\t\t\t\t<\/div>\n\t\t<div class=\"elementor-element elementor-element-c44388c e-flex e-con-boxed e-con e-parent\" data-id=\"c44388c\" data-element_type=\"container\" data-settings=\"{&quot;background_background&quot;:&quot;classic&quot;}\">\n\t\t\t\t\t<div class=\"e-con-inner\">\n\t\t<div class=\"elementor-element elementor-element-ed43e39 e-con-full elementor-hidden-desktop elementor-hidden-tablet elementor-hidden-mobile e-flex e-con e-child\" data-id=\"ed43e39\" data-element_type=\"container\">\n\t\t\t\t<div class=\"elementor-element elementor-element-03c54e1 elementor-button-info elementor-align-center elementor-widget__width-initial elementor-widget-tablet__width-initial elementor-widget elementor-widget-button\" data-id=\"03c54e1\" data-element_type=\"widget\" data-widget_type=\"button.default\">\n\t\t\t\t<div class=\"elementor-widget-container\">\n\t\t\t\t\t\t\t\t\t<div class=\"elementor-button-wrapper\">\n\t\t\t\t\t<a class=\"elementor-button elementor-button-link elementor-size-sm\" href=\"https:\/\/evolve.eventoptions.co.za\/register\/idpa2025\" target=\"_blank\">\n\t\t\t\t\t\t<span class=\"elementor-button-content-wrapper\">\n\t\t\t\t\t\t\t\t\t<span class=\"elementor-button-text\">Reg\u00edstrese Ahora<\/span>\n\t\t\t\t\t<\/span>\n\t\t\t\t\t<\/a>\n\t\t\t\t<\/div>\n\t\t\t\t\t\t\t\t<\/div>\n\t\t\t\t<\/div>\n\t\t\t\t<\/div>\n\t\t\t\t<div class=\"elementor-element elementor-element-5bd86dc elementor-widget elementor-widget-heading\" data-id=\"5bd86dc\" data-element_type=\"widget\" data-widget_type=\"heading.default\">\n\t\t\t\t<div class=\"elementor-widget-container\">\n\t\t\t\t\t<h4 class=\"elementor-heading-title elementor-size-default\">Si deseas registrarte, por favor env\u00eda un <u><a href=\"mailto:idpaguatemala@wuqukawoq.org\">correo electr\u00f3nico<\/a><\/u>. Tambi\u00e9n estaremos abiertos a registro en sitio, siempre y cuando haya espacio disponible. Aceptamos pagos v\u00eda PayPal o transferencia ACH dentro de Guatemala.<\/h4>\t\t\t\t<\/div>\n\t\t\t\t<\/div>\n\t\t<div class=\"elementor-element elementor-element-f993101 e-con-full elementor-hidden-desktop elementor-hidden-tablet elementor-hidden-mobile e-flex e-con e-child\" data-id=\"f993101\" data-element_type=\"container\">\n\t\t<div class=\"elementor-element elementor-element-32e5821 e-con-full elementor-hidden-mobile e-flex e-con e-child\" data-id=\"32e5821\" data-element_type=\"container\">\n\t\t\t\t<div class=\"elementor-element elementor-element-2d8be9c elementor-widget elementor-widget-text-editor\" data-id=\"2d8be9c\" data-element_type=\"widget\" data-widget_type=\"text-editor.default\">\n\t\t\t\t<div class=\"elementor-widget-container\">\n\t\t\t\t\t\t\t\t\t<p><span style=\"font-weight: 400;\">Para realizar pagos Internacionales (Moneda D\u00f3lares)<\/span><\/p>\t\t\t\t\t\t\t\t<\/div>\n\t\t\t\t<\/div>\n\t\t\t\t<\/div>\n\t\t\t\t<\/div>\n\t\t\t\t<div class=\"elementor-element elementor-element-0c1cc68 center-mobile elementor-widget elementor-widget-text-editor\" data-id=\"0c1cc68\" data-element_type=\"widget\" data-widget_type=\"text-editor.default\">\n\t\t\t\t<div class=\"elementor-widget-container\">\n\t\t\t\t\t\t\t\t\t<p style=\"text-align: left;\"><span style=\"font-weight: 400;\">\u00a1Nos complace anunciar que el registro para el <\/span><b>Congreso IDPA 2025<\/b><span style=\"font-weight: 400;\"> ya est\u00e1 abierto! \u00danase a nosotros en <\/span><b>Ciudad de Guatemala<\/b><span style=\"font-weight: 400;\"> para este evento innovador que re\u00fane a l\u00edderes globales, investigadores y profesionales enfocados en promover la equidad, la innovaci\u00f3n y el impacto en la salud global y local.<\/span><\/p><p style=\"text-align: left;\">La categor\u00eda de ingresos para los pa\u00edses en la plataforma de registro se indica seg\u00fan el <strong>Banco Mundial<\/strong>. Haga clic <a href=\"https:\/\/datatopics.worldbank.org\/world-development-indicators\/the-world-by-income-and-region.html\"><span style=\"text-decoration: underline;\"><strong>Aqu\u00ed<\/strong><\/span><\/a> para ver:<\/p><h4 style=\"text-align: left;\"><span style=\"text-decoration: underline;\">Registro Early Bird Cerrado<\/span><\/h4><p style=\"text-align: left;\"><span style=\"font-weight: 400;\">Gracias a todos los que se registraron durante el per\u00edodo Early Bird. El registro para el Congreso IDPA 2025 sigue abierto con la tarifa regular, la cual se determina seg\u00fan la categor\u00eda del pa\u00eds de origen seg\u00fan el Banco Mundial o la direcci\u00f3n de facturaci\u00f3n proporcionada.<\/span><\/p><p><b>\u00bfQu\u00e9 incluye el registro?<\/b><\/p><ul><li style=\"font-weight: 400;\" aria-level=\"1\"><span style=\"font-weight: 400;\">Acceso completo a los cuatro d\u00edas del Congreso<\/span><span style=\"font-weight: 400;\"><br \/><\/span><\/li><li style=\"font-weight: 400;\" aria-level=\"1\"><span style=\"font-weight: 400;\">Dos pausas para caf\u00e9 y una comida cada d\u00eda<\/span><span style=\"font-weight: 400;\"><br \/><\/span><\/li><li style=\"font-weight: 400;\" aria-level=\"1\"><span style=\"font-weight: 400;\">Uso de las instalaciones del centro de conferencias<\/span><span style=\"font-weight: 400;\"><br \/><\/span><\/li><li style=\"font-weight: 400;\" aria-level=\"1\"><span style=\"font-weight: 400;\">Interpretaci\u00f3n en Espa\u00f1ol\/Ingl\u00e9s<\/span><\/li><\/ul><p><b>Informaci\u00f3n importante sobre el registro:<br \/><\/b><span style=\"font-weight: 400;\">IDPA no ofrece becas ni subsidios para las tarifas de registro. Se alienta a las personas que buscan apoyo financiero a gestionar fondos a trav\u00e9s de sus propias redes u organizaciones.<\/span><\/p><ul><li>Las tarifas de inscripci\u00f3n para el Congreso IDPA 2025 <strong>son determinadas por IDPA<\/strong> y no son negociables.<\/li><li>Las cuotas de inscripci\u00f3n se establecen seg\u00fan la clasificaci\u00f3n de pa\u00edses del Banco Mundial, utilizando la direcci\u00f3n de facturaci\u00f3n, y no son transferibles.<\/li><li>Los pagos se aceptan a trav\u00e9s de PayPal; se pueden coordinar m\u00e9todos alternativos (por ejemplo, transferencia bancaria) despu\u00e9s de la emisi\u00f3n de la factura y previa solicitud.<\/li><\/ul><p><b>Importante:<br \/><\/b><b><\/b><span style=\"font-weight: 400;\"> Este es un evento sin fines de lucro fuertemente subsidiado por la organizaci\u00f3n anfitriona. Les pedimos amablemente que las consultas sobre el registro se limiten a preguntas log\u00edsticas o de claridad. No podremos atender solicitudes de excepciones o descuentos especiales.<\/span><\/p><p><span style=\"font-weight: 400;\">Gracias por su comprensi\u00f3n y apoyo mientras trabajamos para que este evento sea accesible y sostenible.<\/span><\/p>\t\t\t\t\t\t\t\t<\/div>\n\t\t\t\t<\/div>\n\t\t\t\t<div class=\"elementor-element elementor-element-31a0503 elementor-widget elementor-widget-text-editor\" data-id=\"31a0503\" data-element_type=\"widget\" data-widget_type=\"text-editor.default\">\n\t\t\t\t<div class=\"elementor-widget-container\">\n\t\t\t\t\t\t\t\t\t<h4 class=\"elementor-heading-title elementor-size-default elementor-inline-editing pen\" style=\"font-variant-ligatures: normal; font-variant-caps: normal; font-family: ABeeZee; font-style: normal; letter-spacing: 0.4px;\" data-elementor-setting-key=\"title\" data-pen-placeholder=\"Type Here...\">Tarifas de Registro Regular: 1 de julio &#8211; 1 de noviembre de 2025<\/h4>\n<h5 class=\"elementor-heading-title elementor-size-default elementor-inline-editing pen\" style=\"font-variant-ligatures: normal; font-variant-caps: normal; font-family: ABeeZee; font-style: normal; letter-spacing: 0.4px;\" data-elementor-setting-key=\"title\" data-pen-placeholder=\"Type Here...\">Tarifas:<\/h5>\n\n<hr \/>\n\n<table width=\"205\">\n<tbody>\n<tr>\n<th>Pa\u00edses de Ingresos Altos<\/th>\n<th style=\"text-align: right;\"><strong>USD 500<\/strong><\/th>\n<\/tr>\n<tr>\n<th>Pa\u00edses de ingresos medianos altos y medianos bajos<\/th>\n<th style=\"text-align: right;\"><strong>USD 300<\/strong><\/th>\n<\/tr>\n<tr>\n<th>Pa\u00edses de Ingresos Bajos<\/th>\n<th style=\"text-align: right;\"><strong>USD 150<\/strong><\/th>\n<\/tr>\n<\/tbody>\n<\/table>\t\t\t\t\t\t\t\t<\/div>\n\t\t\t\t<\/div>\n\t\t\t\t<div class=\"elementor-element elementor-element-b4ffede center-mobile elementor-widget elementor-widget-text-editor\" data-id=\"b4ffede\" data-element_type=\"widget\" data-widget_type=\"text-editor.default\">\n\t\t\t\t<div class=\"elementor-widget-container\">\n\t\t\t\t\t\t\t\t\t<h4 style=\"text-align: left;\"><strong>La Tarifa de Registro Incluye<\/strong><\/h4><ul><li style=\"text-align: left;\" aria-level=\"1\">Talleres<\/li><li style=\"font-weight: 400; text-align: left;\" aria-level=\"1\"><span style=\"font-weight: 400;\">Acceso a todas las sesiones cient\u00edficas.<\/span><\/li><li style=\"font-weight: 400; text-align: left;\" aria-level=\"1\"><span style=\"font-weight: 400;\">Pausas para refrigerios y almuerzos durante el congreso (servidos en el \u00e1rea de exposici\u00f3n), bebidas limitadas durante las comidas.<\/span><\/li><li style=\"font-weight: 400; text-align: left;\" aria-level=\"1\"><span style=\"font-weight: 400;\">Actividad nocturna<\/span><\/li><li style=\"font-weight: 400; text-align: left;\" aria-level=\"1\"><span style=\"font-weight: 400;\">Networking.<\/span><\/li><\/ul>\t\t\t\t\t\t\t\t<\/div>\n\t\t\t\t<\/div>\n\t\t<div class=\"elementor-element elementor-element-2fa282d e-con-full elementor-hidden-desktop elementor-hidden-tablet elementor-hidden-mobile e-flex e-con e-child\" data-id=\"2fa282d\" data-element_type=\"container\">\n\t\t\t\t<div class=\"elementor-element elementor-element-5ebb0ce elementor-button-info elementor-align-center elementor-widget__width-initial elementor-widget-tablet__width-initial elementor-widget elementor-widget-button\" data-id=\"5ebb0ce\" data-element_type=\"widget\" data-widget_type=\"button.default\">\n\t\t\t\t<div class=\"elementor-widget-container\">\n\t\t\t\t\t\t\t\t\t<div class=\"elementor-button-wrapper\">\n\t\t\t\t\t<a class=\"elementor-button elementor-button-link elementor-size-sm\" href=\"https:\/\/evolve.eventoptions.co.za\/register\/idpa2025\" target=\"_blank\">\n\t\t\t\t\t\t<span class=\"elementor-button-content-wrapper\">\n\t\t\t\t\t\t\t\t\t<span class=\"elementor-button-text\">Reg\u00edstrese Ahora<\/span>\n\t\t\t\t\t<\/span>\n\t\t\t\t\t<\/a>\n\t\t\t\t<\/div>\n\t\t\t\t\t\t\t\t<\/div>\n\t\t\t\t<\/div>\n\t\t\t\t<\/div>\n\t\t<div class=\"elementor-element elementor-element-043db9e e-con-full e-flex e-con e-child\" data-id=\"043db9e\" data-element_type=\"container\">\n\t\t<div class=\"elementor-element elementor-element-a87ef3e e-con-full elementor-hidden-mobile e-flex e-con e-child\" data-id=\"a87ef3e\" data-element_type=\"container\">\n\t\t\t\t<div class=\"elementor-element elementor-element-646bb39 elementor-hidden-desktop elementor-hidden-tablet elementor-hidden-mobile elementor-widget elementor-widget-text-editor\" data-id=\"646bb39\" data-element_type=\"widget\" data-widget_type=\"text-editor.default\">\n\t\t\t\t<div class=\"elementor-widget-container\">\n\t\t\t\t\t\t\t\t\t<p><span style=\"font-weight: 400;\">Para realizar pagos Internacionales (Moneda D\u00f3lares)<\/span><\/p>\t\t\t\t\t\t\t\t<\/div>\n\t\t\t\t<\/div>\n\t\t\t\t<\/div>\n\t\t\t\t<\/div>\n\t\t\t\t<div class=\"elementor-element elementor-element-61eca0e center-mobile elementor-widget elementor-widget-text-editor\" data-id=\"61eca0e\" data-element_type=\"widget\" data-widget_type=\"text-editor.default\">\n\t\t\t\t<div class=\"elementor-widget-container\">\n\t\t\t\t\t\t\t\t\t<h4>Apoye la Conferencia:<\/h4><h5 style=\"text-align: center;\"><i>\u00abIncluso una peque\u00f1a contribuci\u00f3n puede ayudar a hacer que este congreso sea m\u00e1s inclusivo, asegurando que el conocimiento, la colaboraci\u00f3n y la innovaci\u00f3n lleguen a quienes m\u00e1s lo necesitan.\u00bb<\/i><\/h5><p><span style=\"font-weight: 400;\">Las contribuciones se destinan a garantizar una programaci\u00f3n de alta calidad, recursos accesibles y una participaci\u00f3n global significativa.<\/span><br \/><span style=\"font-weight: 400;\">\u00a1Haga clic en el bot\u00f3n a continuaci\u00f3n para donar y apoyar el \u00e9xito del Congreso IDPA 2025!<\/span><\/p>\t\t\t\t\t\t\t\t<\/div>\n\t\t\t\t<\/div>\n\t\t\t\t<div class=\"elementor-element elementor-element-9654ac7 elementor-button-info elementor-align-center elementor-widget elementor-widget-button\" data-id=\"9654ac7\" data-element_type=\"widget\" data-widget_type=\"button.default\">\n\t\t\t\t<div class=\"elementor-widget-container\">\n\t\t\t\t\t\t\t\t\t<div class=\"elementor-button-wrapper\">\n\t\t\t\t\t<a class=\"elementor-button elementor-button-link elementor-size-sm\" href=\"https:\/\/mayahealth.salsalabs.org\/idpa\/index.html\" target=\"_blank\">\n\t\t\t\t\t\t<span class=\"elementor-button-content-wrapper\">\n\t\t\t\t\t\t\t\t\t<span class=\"elementor-button-text\">DONAR<\/span>\n\t\t\t\t\t<\/span>\n\t\t\t\t\t<\/a>\n\t\t\t\t<\/div>\n\t\t\t\t\t\t\t\t<\/div>\n\t\t\t\t<\/div>\n\t\t\t\t<div class=\"elementor-element elementor-element-972b715 center-mobile elementor-widget elementor-widget-text-editor\" data-id=\"972b715\" data-element_type=\"widget\" data-widget_type=\"text-editor.default\">\n\t\t\t\t<div class=\"elementor-widget-container\">\n\t\t\t\t\t\t\t\t\t<em><span style=\"font-weight: 400;\">NOTA: Por favor, visite la p\u00e1gina de alojamientos para obtener detalles sobre la reserva de su estancia. Diciembre es una temporada de alto flujo tur\u00edstico en Ciudad de Guatemala, por lo que recomendamos reservar con antelaci\u00f3n para asegurar un viaje fluido y asequible.<\/span><\/em>\t\t\t\t\t\t\t\t<\/div>\n\t\t\t\t<\/div>\n\t\t\t\t\t<\/div>\n\t\t\t\t<\/div>\n\t\t<div class=\"elementor-element elementor-element-cd829f5 e-flex e-con-boxed e-con e-parent\" data-id=\"cd829f5\" data-element_type=\"container\" data-settings=\"{&quot;background_background&quot;:&quot;classic&quot;}\">\n\t\t\t\t\t<div class=\"e-con-inner\">\n\t\t<div class=\"elementor-element elementor-element-3c79112 e-con-full e-flex e-con e-child\" data-id=\"3c79112\" data-element_type=\"container\">\n\t\t\t\t<div class=\"elementor-element elementor-element-0c52232 elementor-widget elementor-widget-image\" data-id=\"0c52232\" data-element_type=\"widget\" data-widget_type=\"image.default\">\n\t\t\t\t<div class=\"elementor-widget-container\">\n\t\t\t\t\t\t\t\t\t\t\t\t\t\t\t<img decoding=\"async\" width=\"522\" height=\"67\" src=\"https:\/\/idpacongress2025.com\/wp-content\/uploads\/2025\/03\/Divider-2-1.png\" class=\"attachment-full size-full wp-image-3515\" alt=\"\" srcset=\"https:\/\/idpacongress2025.com\/wp-content\/uploads\/2025\/03\/Divider-2-1.png 522w, https:\/\/idpacongress2025.com\/wp-content\/uploads\/2025\/03\/Divider-2-1-300x39.png 300w\" sizes=\"(max-width: 522px) 100vw, 522px\" \/>\t\t\t\t\t\t\t\t\t\t\t\t\t\t\t<\/div>\n\t\t\t\t<\/div>\n\t\t\t\t<\/div>\n\t\t\t\t\t<\/div>\n\t\t\t\t<\/div>\n\t\t<div class=\"elementor-element elementor-element-d523c70 e-flex e-con-boxed e-con e-parent\" data-id=\"d523c70\" data-element_type=\"container\" data-settings=\"{&quot;background_background&quot;:&quot;classic&quot;}\">\n\t\t\t\t\t<div class=\"e-con-inner\">\n\t\t\t\t<div class=\"elementor-element elementor-element-9d0efa8 elementor-widget elementor-widget-heading\" data-id=\"9d0efa8\" data-element_type=\"widget\" data-widget_type=\"heading.default\">\n\t\t\t\t<div class=\"elementor-widget-container\">\n\t\t\t\t\t<h3 class=\"elementor-heading-title elementor-size-default\">Por favor, ten en cuenta que el n\u00famero de participantes es limitado y est\u00e1 sujeto a disponibilidad.\n<\/h3>\t\t\t\t<\/div>\n\t\t\t\t<\/div>\n\t\t\t\t\t<\/div>\n\t\t\t\t<\/div>\n\t\t<div class=\"elementor-element elementor-element-40b1b89 e-flex e-con-boxed e-con e-parent\" data-id=\"40b1b89\" data-element_type=\"container\" data-settings=\"{&quot;background_background&quot;:&quot;classic&quot;}\">\n\t\t\t\t\t<div class=\"e-con-inner\">\n\t\t<div class=\"elementor-element elementor-element-046faf0 e-con-full e-flex e-con e-child\" data-id=\"046faf0\" data-element_type=\"container\">\n\t\t\t\t<div class=\"elementor-element elementor-element-0e3ab45 elementor-widget elementor-widget-image\" data-id=\"0e3ab45\" data-element_type=\"widget\" data-widget_type=\"image.default\">\n\t\t\t\t<div class=\"elementor-widget-container\">\n\t\t\t\t\t\t\t\t\t\t\t\t\t\t\t<img decoding=\"async\" width=\"522\" height=\"67\" src=\"https:\/\/idpacongress2025.com\/wp-content\/uploads\/2025\/03\/Divider-2-1.png\" class=\"attachment-full size-full wp-image-3515\" alt=\"\" srcset=\"https:\/\/idpacongress2025.com\/wp-content\/uploads\/2025\/03\/Divider-2-1.png 522w, https:\/\/idpacongress2025.com\/wp-content\/uploads\/2025\/03\/Divider-2-1-300x39.png 300w\" sizes=\"(max-width: 522px) 100vw, 522px\" \/>\t\t\t\t\t\t\t\t\t\t\t\t\t\t\t<\/div>\n\t\t\t\t<\/div>\n\t\t\t\t<\/div>\n\t\t\t\t\t<\/div>\n\t\t\t\t<\/div>\n\t\t\t\t<\/div>\n\t\t","protected":false},"excerpt":{"rendered":"<p>IDPA Logo IDPA 2025 Congress Logo Maya Health Alliance Logo Reg\u00edstrese Ahora Si deseas registrarte, por favor env\u00eda un correo electr\u00f3nico. Tambi\u00e9n estaremos abiertos a registro en sitio, siempre y cuando haya espacio disponible. Aceptamos pagos v\u00eda PayPal o transferencia ACH dentro de Guatemala. Para realizar pagos Internacionales (Moneda D\u00f3lares) \u00a1Nos complace anunciar que el [&hellip;]<\/p>\n","protected":false},"author":2,"featured_media":0,"parent":0,"menu_order":0,"comment_status":"closed","ping_status":"closed","template":"elementor_header_footer","meta":{"_monsterinsights_skip_tracking":false,"_monsterinsights_sitenote_active":false,"_monsterinsights_sitenote_note":"","_monsterinsights_sitenote_category":0,"ocean_post_layout":"","ocean_both_sidebars_style":"","ocean_both_sidebars_content_width":0,"ocean_both_sidebars_sidebars_width":0,"ocean_sidebar":"","ocean_second_sidebar":"0","ocean_disable_margins":"on","ocean_add_body_class":"","ocean_shortcode_before_top_bar":"","ocean_shortcode_after_top_bar":"","ocean_shortcode_before_header":"","ocean_shortcode_after_header":"","ocean_has_shortcode":"","ocean_shortcode_after_title":"","ocean_shortcode_before_footer_widgets":"","ocean_shortcode_after_footer_widgets":"","ocean_shortcode_before_footer_bottom":"","ocean_shortcode_after_footer_bottom":"","ocean_display_top_bar":"default","ocean_display_header":"default","ocean_header_style":"","ocean_center_header_left_menu":"0","ocean_custom_header_template":"0","ocean_custom_logo":0,"ocean_custom_retina_logo":0,"ocean_custom_logo_max_width":0,"ocean_custom_logo_tablet_max_width":0,"ocean_custom_logo_mobile_max_width":0,"ocean_custom_logo_max_height":0,"ocean_custom_logo_tablet_max_height":0,"ocean_custom_logo_mobile_max_height":0,"ocean_header_custom_menu":"0","ocean_menu_typo_font_family":"0","ocean_menu_typo_font_subset":"","ocean_menu_typo_font_size":0,"ocean_menu_typo_font_size_tablet":0,"ocean_menu_typo_font_size_mobile":0,"ocean_menu_typo_font_size_unit":"px","ocean_menu_typo_font_weight":"","ocean_menu_typo_font_weight_tablet":"","ocean_menu_typo_font_weight_mobile":"","ocean_menu_typo_transform":"","ocean_menu_typo_transform_tablet":"","ocean_menu_typo_transform_mobile":"","ocean_menu_typo_line_height":0,"ocean_menu_typo_line_height_tablet":0,"ocean_menu_typo_line_height_mobile":0,"ocean_menu_typo_line_height_unit":"","ocean_menu_typo_spacing":0,"ocean_menu_typo_spacing_tablet":0,"ocean_menu_typo_spacing_mobile":0,"ocean_menu_typo_spacing_unit":"","ocean_menu_link_color":"","ocean_menu_link_color_hover":"","ocean_menu_link_color_active":"","ocean_menu_link_background":"","ocean_menu_link_hover_background":"","ocean_menu_link_active_background":"","ocean_menu_social_links_bg":"","ocean_menu_social_hover_links_bg":"","ocean_menu_social_links_color":"","ocean_menu_social_hover_links_color":"","ocean_disable_title":"enable","ocean_disable_heading":"on","ocean_post_title":"","ocean_post_subheading":"","ocean_post_title_style":"","ocean_post_title_background_color":"","ocean_post_title_background":0,"ocean_post_title_bg_image_position":"","ocean_post_title_bg_image_attachment":"","ocean_post_title_bg_image_repeat":"","ocean_post_title_bg_image_size":"","ocean_post_title_height":0,"ocean_post_title_bg_overlay":0.5,"ocean_post_title_bg_overlay_color":"","ocean_disable_breadcrumbs":"default","ocean_breadcrumbs_color":"","ocean_breadcrumbs_separator_color":"","ocean_breadcrumbs_links_color":"","ocean_breadcrumbs_links_hover_color":"","ocean_display_footer_widgets":"default","ocean_display_footer_bottom":"default","ocean_custom_footer_template":"0","omw_enable_modal_window":"enable","footnotes":""},"class_list":["post-2216","page","type-page","status-publish","hentry","entry"],"aioseo_notices":[],"_links":{"self":[{"href":"https:\/\/idpacongress2025.com\/es\/wp-json\/wp\/v2\/pages\/2216","targetHints":{"allow":["GET"]}}],"collection":[{"href":"https:\/\/idpacongress2025.com\/es\/wp-json\/wp\/v2\/pages"}],"about":[{"href":"https:\/\/idpacongress2025.com\/es\/wp-json\/wp\/v2\/types\/page"}],"author":[{"embeddable":true,"href":"https:\/\/idpacongress2025.com\/es\/wp-json\/wp\/v2\/users\/2"}],"replies":[{"embeddable":true,"href":"https:\/\/idpacongress2025.com\/es\/wp-json\/wp\/v2\/comments?post=2216"}],"version-history":[{"count":74,"href":"https:\/\/idpacongress2025.com\/es\/wp-json\/wp\/v2\/pages\/2216\/revisions"}],"predecessor-version":[{"id":4629,"href":"https:\/\/idpacongress2025.com\/es\/wp-json\/wp\/v2\/pages\/2216\/revisions\/4629"}],"wp:attachment":[{"href":"https:\/\/idpacongress2025.com\/es\/wp-json\/wp\/v2\/media?parent=2216"}],"curies":[{"name":"wp","href":"https:\/\/api.w.org\/{rel}","templated":true}]}}