{"id":2214,"date":"2024-07-08T18:49:03","date_gmt":"2024-07-09T00:49:03","guid":{"rendered":"https:\/\/idpacongress2025.com\/programa\/"},"modified":"2025-11-27T15:12:48","modified_gmt":"2025-11-27T21:12:48","slug":"programa","status":"publish","type":"page","link":"https:\/\/idpacongress2025.com\/es\/programa\/","title":{"rendered":"Programa"},"content":{"rendered":"\t\t<div data-elementor-type=\"wp-post\" data-elementor-id=\"2214\" class=\"elementor elementor-2214 elementor-1337\">\n\t\t\t\t<div class=\"elementor-element elementor-element-d10299b e-flex e-con-boxed e-con e-parent\" data-id=\"d10299b\" data-element_type=\"container\">\n\t\t\t\t\t<div class=\"e-con-inner\">\n\t\t<div class=\"elementor-element elementor-element-ab46921 e-flex e-con-boxed e-con e-child\" data-id=\"ab46921\" data-element_type=\"container\">\n\t\t\t\t\t<div class=\"e-con-inner\">\n\t\t<div class=\"elementor-element elementor-element-0639530 e-grid e-con-full e-con e-child\" data-id=\"0639530\" data-element_type=\"container\">\n\t\t\t\t<div class=\"elementor-element elementor-element-9458e97 elementor-align-left hero-btn elementor-mobile-align-center elementor-hidden-desktop elementor-hidden-tablet elementor-hidden-mobile elementor-widget elementor-widget-button\" data-id=\"9458e97\" data-element_type=\"widget\" data-widget_type=\"button.default\">\n\t\t\t\t<div class=\"elementor-widget-container\">\n\t\t\t\t\t\t\t\t\t<div class=\"elementor-button-wrapper\">\n\t\t\t\t\t<a class=\"elementor-button elementor-button-link elementor-size-sm\" href=\"#\">\n\t\t\t\t\t\t<span class=\"elementor-button-content-wrapper\">\n\t\t\t\t\t\t\t\t\t<span class=\"elementor-button-text\">Registro<\/span>\n\t\t\t\t\t<\/span>\n\t\t\t\t\t<\/a>\n\t\t\t\t<\/div>\n\t\t\t\t\t\t\t\t<\/div>\n\t\t\t\t<\/div>\n\t\t\t\t<\/div>\n\t\t\t\t\t<\/div>\n\t\t\t\t<\/div>\n\t\t\t\t\t<\/div>\n\t\t\t\t<\/div>\n\t\t<div class=\"elementor-element elementor-element-7795522 e-con-full e-grid e-con e-parent\" data-id=\"7795522\" data-element_type=\"container\" data-settings=\"{&quot;background_background&quot;:&quot;classic&quot;}\">\n\t\t\t\t<div class=\"elementor-element elementor-element-4bddbd7 elementor-widget elementor-widget-image\" data-id=\"4bddbd7\" data-element_type=\"widget\" data-widget_type=\"image.default\">\n\t\t\t\t<div class=\"elementor-widget-container\">\n\t\t\t\t\t\t\t\t\t\t\t\t\t\t\t<img decoding=\"async\" src=\"https:\/\/idpacongress2025.com\/wp-content\/uploads\/elementor\/thumbs\/cropped-cropped-IDPA_2025-Logo-qr5qcs7xuappnr8168jbjzurbc0edx29783jjq686g.png\" title=\"cropped-cropped-IDPA_2025-Logo.png\" alt=\"IDPA 2025 Congress Logo\" loading=\"lazy\" \/>\t\t\t\t\t\t\t\t\t\t\t\t\t\t\t<\/div>\n\t\t\t\t<\/div>\n\t\t\t\t<div class=\"elementor-element elementor-element-11bf82b elementor-widget elementor-widget-heading\" data-id=\"11bf82b\" data-element_type=\"widget\" data-widget_type=\"heading.default\">\n\t\t\t\t<div class=\"elementor-widget-container\">\n\t\t\t\t\t<h1 class=\"elementor-heading-title elementor-size-default\">PROGRAMA<\/h1>\t\t\t\t<\/div>\n\t\t\t\t<\/div>\n\t\t\t\t<\/div>\n\t\t<div class=\"elementor-element elementor-element-75a153b e-con-full e-flex e-con e-parent\" data-id=\"75a153b\" data-element_type=\"container\">\n\t\t<div class=\"elementor-element elementor-element-8646a2b e-con-full e-flex e-con e-child\" data-id=\"8646a2b\" data-element_type=\"container\">\n\t\t\t\t<\/div>\n\t\t\t\t<\/div>\n\t\t<div class=\"elementor-element elementor-element-3dd06fb e-flex e-con-boxed e-con e-parent\" data-id=\"3dd06fb\" data-element_type=\"container\" data-settings=\"{&quot;background_background&quot;:&quot;classic&quot;}\">\n\t\t\t\t\t<div class=\"e-con-inner\">\n\t\t\t\t<div class=\"elementor-element elementor-element-19a5eb1 center-mobile elementor-widget elementor-widget-text-editor\" data-id=\"19a5eb1\" data-element_type=\"widget\" data-widget_type=\"text-editor.default\">\n\t\t\t\t<div class=\"elementor-widget-container\">\n\t\t\t\t\t\t\t\t\t<h1 data-start=\"53\" data-end=\"97\">\u00a1Ya est\u00e1 disponible el Programa Final Detallado!<\/h1><hr \/><p data-start=\"99\" data-end=\"435\">Nos complace compartir el programa detallado definitivo del VI Congreso Internacional de la Asociaci\u00f3n de Pediatr\u00eda del Desarrollo IDPA! Tras meses de dedicaci\u00f3n y colaboraci\u00f3n, este programa re\u00fane a profesionales y organizaciones inspiradoras de todo el mundo comprometidas con el avance de la pediatr\u00eda del desarrollo, la salud infantil y la discapacidad.<\/p><p data-start=\"99\" data-end=\"435\">Por favor, revisen el programa para confirmar su participaci\u00f3n y planificar con relaci\u00f3n al programa. Les pedimos a todos su plena participaci\u00f3n para garantizar que todas las contribuciones sean valoradas y destacadas.<\/p><p data-start=\"99\" data-end=\"435\">Si van a viajar a la ciudad de Guatemala, visiten nuestro sitio web para obtener informaci\u00f3n importante y aseg\u00farense de que su viaje y alojamiento est\u00e9n confirmados.<\/p><p data-start=\"99\" data-end=\"435\">Mant\u00e9nganse al tanto de nuestras redes sociales para obtener informaci\u00f3n actualizada sobre las actividades especiales durante el Congreso; s\u00edgannos y compartan utilizando <strong>#IDPA2025<\/strong>.<\/p><p data-start=\"99\" data-end=\"435\">Todav\u00eda hay espacos disponibles para los colegas que deseen unirse al congreso; no dude en pedirles que se pongan en contacto con nosotros directamente.<\/p><p data-start=\"99\" data-end=\"435\">Esperamos darles la bienvenida a la ciudad de Guatemala, del 1 al 4 de diciembre de 2025, donde las ideas y la innovaci\u00f3n se unir\u00e1n para lograr un futuro m\u00e1s brillante para los ni\u00f1os de todo el mundo.<\/p><hr \/><h3 data-start=\"1067\" data-end=\"1111\">A continuaci\u00f3n encontrar\u00e1n el Programa Detallado Definitivo.<\/h3>\t\t\t\t\t\t\t\t<\/div>\n\t\t\t\t<\/div>\n\t\t\t\t<div class=\"elementor-element elementor-element-9fdb31c elementor-widget elementor-widget-embedpress_pdf\" data-id=\"9fdb31c\" data-element_type=\"widget\" data-widget_type=\"embedpress_pdf.default\">\n\t\t\t\t<div class=\"elementor-widget-container\">\n\t\t\t\t\t    <div class=\"embedpress-document-embed ep-doc-2b5c5f4d51c3b3b22311d23b4860d47f ose-document emebedpress-unit-percent \" data-thememode=\"default\" data-customcolor=\"\" data-toolbar=\"yes\" data-toolbar-position=\"top\" data-open=\"no\" data-presentation-mode=\"yes\" data-download=\"yes\" data-copy=\"yes\" data-add-image=\"yes\" data-rotate=\"yes\" data-details=\"yes\" data-id=\"embedpress-pdf-9fdb31c\" data-selection-tool=\"0\" data-scrolling=\"0\" data-spreads=\"-1\" style=\" max-width:100%; display: inline-block\">\n\n        \n                <div >\n\n                    <div id=\"ep-elementor-content-9fdb31c\" class=\"ep-elementor-content   ep-percentage-width   ep-content-protection-disabled\">\n                        <div id=\"9fdb31c\" class=\"ep-embed-content-wraper\">\n                            <div><iframe title=\"IDPA 2025 Programa Completo\" class=\"embedpress-embed-document-pdf embedpress-pdf-9fdb31c\" style=\"width: 600%!important;height: 600px;; max-width:100%; display: inline-block\" src=\"https:\/\/idpacongress2025.com\/wp-admin\/admin-ajax.php?action=get_viewer&#038;file=https%3A%2F%2Fidpacongress2025.com%2Fwp-content%2Fuploads%2F2025%2F11%2FIDPA-2025-Programa-Completo.pdf&#038;scrolling=0&#038;selection_tool=0&#038;spreads=-1#key=dGhlbWVNb2RlPWRlZmF1bHQmdG9vbGJhcj10cnVlJnBvc2l0aW9uPXRvcCZwcmVzZW50YXRpb249dHJ1ZSZsYXp5TG9hZD1mYWxzZSZkb3dubG9hZD10cnVlJmNvcHlfdGV4dD10cnVlJmFkZF90ZXh0PXRydWUmZHJhdz10cnVlJmFkZF9pbWFnZT10cnVlJnBkZl9yb3RhdGlvbj10cnVlJnBkZl9kZXRhaWxzPXRydWUmem9vbV9pbj10cnVlJnpvb21fb3V0PXRydWUmZml0X3ZpZXc9dHJ1ZSZib29rbWFyaz10cnVlJnNvdW5kPXRydWUmZmxpcGJvb2tfdG9vbGJhcl9wb3NpdGlvbj1ib3R0b20mc2VsZWN0aW9uX3Rvb2w9MCZzY3JvbGxpbmc9MCZzcHJlYWRzPS0xJmlzX3Byb19hY3RpdmU9MA==&#038;zoom=auto\" class=\"embedpress-embed-document-pdf embedpress-pdf-9fdb31c\" data-emid=\"embedpress-pdf-9fdb31c\" data-embed-type=\"PDF\" frameborder=\"0\"><\/iframe><\/div>                        <\/div>\n\n                    <\/div>\n\n\n                   \n                <\/div>\n            \n    <\/div>\n\n\t\t\t\t<\/div>\n\t\t\t\t<\/div>\n\t\t<div class=\"elementor-element elementor-element-dbee4be e-grid e-con-full e-con e-child\" data-id=\"dbee4be\" data-element_type=\"container\">\n\t\t\t\t<div class=\"elementor-element elementor-element-8c2efde elementor-widget elementor-widget-button\" data-id=\"8c2efde\" data-element_type=\"widget\" data-widget_type=\"button.default\">\n\t\t\t\t<div class=\"elementor-widget-container\">\n\t\t\t\t\t\t\t\t\t<div class=\"elementor-button-wrapper\">\n\t\t\t\t\t<a class=\"elementor-button elementor-button-link elementor-size-sm\" href=\"https:\/\/idpacongress2025.com\/wp-content\/uploads\/2025\/11\/IDPA-2025-Programa-Completo.pdf\" target=\"_blank\">\n\t\t\t\t\t\t<span class=\"elementor-button-content-wrapper\">\n\t\t\t\t\t\t\t\t\t<span class=\"elementor-button-text\">Descargar el Programa<\/span>\n\t\t\t\t\t<\/span>\n\t\t\t\t\t<\/a>\n\t\t\t\t<\/div>\n\t\t\t\t\t\t\t\t<\/div>\n\t\t\t\t<\/div>\n\t\t\t\t<div class=\"elementor-element elementor-element-1d5fd72 elementor-hidden-desktop elementor-hidden-tablet elementor-hidden-mobile elementor-widget elementor-widget-button\" data-id=\"1d5fd72\" data-element_type=\"widget\" data-widget_type=\"button.default\">\n\t\t\t\t<div class=\"elementor-widget-container\">\n\t\t\t\t\t\t\t\t\t<div class=\"elementor-button-wrapper\">\n\t\t\t\t\t<a class=\"elementor-button elementor-button-link elementor-size-sm\" href=\"https:\/\/idpacongress2025.com\/wp-content\/uploads\/2025\/02\/ESPAN.pdf\">\n\t\t\t\t\t\t<span class=\"elementor-button-content-wrapper\">\n\t\t\t\t\t\t\t\t\t<span class=\"elementor-button-text\">Descargar el Programa Completo<\/span>\n\t\t\t\t\t<\/span>\n\t\t\t\t\t<\/a>\n\t\t\t\t<\/div>\n\t\t\t\t\t\t\t\t<\/div>\n\t\t\t\t<\/div>\n\t\t\t\t<\/div>\n\t\t\t\t\t<\/div>\n\t\t\t\t<\/div>\n\t\t<div class=\"elementor-element elementor-element-231a973 e-flex e-con-boxed e-con e-parent\" data-id=\"231a973\" data-element_type=\"container\" data-settings=\"{&quot;background_background&quot;:&quot;classic&quot;}\">\n\t\t\t\t\t<div class=\"e-con-inner\">\n\t\t<div class=\"elementor-element elementor-element-2c7ee0a e-con-full e-flex e-con e-child\" data-id=\"2c7ee0a\" data-element_type=\"container\">\n\t\t\t\t<div class=\"elementor-element elementor-element-a11a7a8 elementor-widget elementor-widget-image\" data-id=\"a11a7a8\" data-element_type=\"widget\" data-widget_type=\"image.default\">\n\t\t\t\t<div class=\"elementor-widget-container\">\n\t\t\t\t\t\t\t\t\t\t\t\t\t\t\t<img decoding=\"async\" width=\"522\" height=\"67\" src=\"https:\/\/idpacongress2025.com\/wp-content\/uploads\/2025\/03\/Divider-2-1.png\" class=\"attachment-full size-full wp-image-3515\" alt=\"\" srcset=\"https:\/\/idpacongress2025.com\/wp-content\/uploads\/2025\/03\/Divider-2-1.png 522w, https:\/\/idpacongress2025.com\/wp-content\/uploads\/2025\/03\/Divider-2-1-300x39.png 300w\" sizes=\"(max-width: 522px) 100vw, 522px\" \/>\t\t\t\t\t\t\t\t\t\t\t\t\t\t\t<\/div>\n\t\t\t\t<\/div>\n\t\t\t\t<\/div>\n\t\t\t\t\t<\/div>\n\t\t\t\t<\/div>\n\t\t\t\t<\/div>\n\t\t","protected":false},"excerpt":{"rendered":"<p>Registro PROGRAMA \u00a1Ya est\u00e1 disponible el Programa Final Detallado! Nos complace compartir el programa detallado definitivo del VI Congreso Internacional de la Asociaci\u00f3n de Pediatr\u00eda del Desarrollo IDPA! Tras meses de dedicaci\u00f3n y colaboraci\u00f3n, este programa re\u00fane a profesionales y organizaciones inspiradoras de todo el mundo comprometidas con el avance de la pediatr\u00eda del desarrollo, [&hellip;]<\/p>\n","protected":false},"author":2,"featured_media":0,"parent":0,"menu_order":0,"comment_status":"closed","ping_status":"closed","template":"elementor_header_footer","meta":{"_monsterinsights_skip_tracking":false,"_monsterinsights_sitenote_active":false,"_monsterinsights_sitenote_note":"","_monsterinsights_sitenote_category":0,"ocean_post_layout":"","ocean_both_sidebars_style":"","ocean_both_sidebars_content_width":0,"ocean_both_sidebars_sidebars_width":0,"ocean_sidebar":"0","ocean_second_sidebar":"0","ocean_disable_margins":"on","ocean_add_body_class":"","ocean_shortcode_before_top_bar":"","ocean_shortcode_after_top_bar":"","ocean_shortcode_before_header":"","ocean_shortcode_after_header":"","ocean_has_shortcode":"","ocean_shortcode_after_title":"","ocean_shortcode_before_footer_widgets":"","ocean_shortcode_after_footer_widgets":"","ocean_shortcode_before_footer_bottom":"","ocean_shortcode_after_footer_bottom":"","ocean_display_top_bar":"default","ocean_display_header":"default","ocean_header_style":"","ocean_center_header_left_menu":"0","ocean_custom_header_template":"0","ocean_custom_logo":0,"ocean_custom_retina_logo":0,"ocean_custom_logo_max_width":0,"ocean_custom_logo_tablet_max_width":0,"ocean_custom_logo_mobile_max_width":0,"ocean_custom_logo_max_height":0,"ocean_custom_logo_tablet_max_height":0,"ocean_custom_logo_mobile_max_height":0,"ocean_header_custom_menu":"0","ocean_menu_typo_font_family":"0","ocean_menu_typo_font_subset":"","ocean_menu_typo_font_size":0,"ocean_menu_typo_font_size_tablet":0,"ocean_menu_typo_font_size_mobile":0,"ocean_menu_typo_font_size_unit":"px","ocean_menu_typo_font_weight":"","ocean_menu_typo_font_weight_tablet":"","ocean_menu_typo_font_weight_mobile":"","ocean_menu_typo_transform":"","ocean_menu_typo_transform_tablet":"","ocean_menu_typo_transform_mobile":"","ocean_menu_typo_line_height":0,"ocean_menu_typo_line_height_tablet":0,"ocean_menu_typo_line_height_mobile":0,"ocean_menu_typo_line_height_unit":"","ocean_menu_typo_spacing":0,"ocean_menu_typo_spacing_tablet":0,"ocean_menu_typo_spacing_mobile":0,"ocean_menu_typo_spacing_unit":"","ocean_menu_link_color":"","ocean_menu_link_color_hover":"","ocean_menu_link_color_active":"","ocean_menu_link_background":"","ocean_menu_link_hover_background":"","ocean_menu_link_active_background":"","ocean_menu_social_links_bg":"","ocean_menu_social_hover_links_bg":"","ocean_menu_social_links_color":"","ocean_menu_social_hover_links_color":"","ocean_disable_title":"enable","ocean_disable_heading":"on","ocean_post_title":"","ocean_post_subheading":"","ocean_post_title_style":"","ocean_post_title_background_color":"","ocean_post_title_background":0,"ocean_post_title_bg_image_position":"","ocean_post_title_bg_image_attachment":"","ocean_post_title_bg_image_repeat":"","ocean_post_title_bg_image_size":"","ocean_post_title_height":0,"ocean_post_title_bg_overlay":0.5,"ocean_post_title_bg_overlay_color":"","ocean_disable_breadcrumbs":"default","ocean_breadcrumbs_color":"","ocean_breadcrumbs_separator_color":"","ocean_breadcrumbs_links_color":"","ocean_breadcrumbs_links_hover_color":"","ocean_display_footer_widgets":"default","ocean_display_footer_bottom":"default","ocean_custom_footer_template":"0","omw_enable_modal_window":"enable","footnotes":""},"class_list":["post-2214","page","type-page","status-publish","hentry","entry"],"aioseo_notices":[],"_links":{"self":[{"href":"https:\/\/idpacongress2025.com\/es\/wp-json\/wp\/v2\/pages\/2214","targetHints":{"allow":["GET"]}}],"collection":[{"href":"https:\/\/idpacongress2025.com\/es\/wp-json\/wp\/v2\/pages"}],"about":[{"href":"https:\/\/idpacongress2025.com\/es\/wp-json\/wp\/v2\/types\/page"}],"author":[{"embeddable":true,"href":"https:\/\/idpacongress2025.com\/es\/wp-json\/wp\/v2\/users\/2"}],"replies":[{"embeddable":true,"href":"https:\/\/idpacongress2025.com\/es\/wp-json\/wp\/v2\/comments?post=2214"}],"version-history":[{"count":55,"href":"https:\/\/idpacongress2025.com\/es\/wp-json\/wp\/v2\/pages\/2214\/revisions"}],"predecessor-version":[{"id":4657,"href":"https:\/\/idpacongress2025.com\/es\/wp-json\/wp\/v2\/pages\/2214\/revisions\/4657"}],"wp:attachment":[{"href":"https:\/\/idpacongress2025.com\/es\/wp-json\/wp\/v2\/media?parent=2214"}],"curies":[{"name":"wp","href":"https:\/\/api.w.org\/{rel}","templated":true}]}}