{"id":2208,"date":"2024-07-08T19:01:43","date_gmt":"2024-07-09T01:01:43","guid":{"rendered":"https:\/\/idpacongress2025.com\/subvenciones\/"},"modified":"2025-03-14T19:55:47","modified_gmt":"2025-03-15T01:55:47","slug":"donaciones","status":"publish","type":"page","link":"https:\/\/idpacongress2025.com\/es\/donaciones\/","title":{"rendered":"Donaciones"},"content":{"rendered":"\t\t<div data-elementor-type=\"wp-post\" data-elementor-id=\"2208\" class=\"elementor elementor-2208 elementor-1358\">\n\t\t\t\t<div class=\"elementor-element elementor-element-d10299b e-con-full e-flex e-con e-parent\" data-id=\"d10299b\" data-element_type=\"container\">\n\t\t<div class=\"elementor-element elementor-element-e5a0a0f e-flex e-con-boxed e-con e-child\" data-id=\"e5a0a0f\" data-element_type=\"container\">\n\t\t\t\t\t<div class=\"e-con-inner\">\n\t\t<div class=\"elementor-element elementor-element-779c55e e-grid e-con-full e-con e-child\" data-id=\"779c55e\" data-element_type=\"container\">\n\t\t\t\t<div class=\"elementor-element elementor-element-63eb0ce elementor-align-left hero-btn elementor-mobile-align-center elementor-hidden-desktop elementor-hidden-tablet elementor-hidden-mobile elementor-widget elementor-widget-button\" data-id=\"63eb0ce\" data-element_type=\"widget\" data-widget_type=\"button.default\">\n\t\t\t\t<div class=\"elementor-widget-container\">\n\t\t\t\t\t\t\t\t\t<div class=\"elementor-button-wrapper\">\n\t\t\t\t\t<a class=\"elementor-button elementor-button-link elementor-size-sm\" href=\"#\">\n\t\t\t\t\t\t<span class=\"elementor-button-content-wrapper\">\n\t\t\t\t\t\t\t\t\t<span class=\"elementor-button-text\">Registro<\/span>\n\t\t\t\t\t<\/span>\n\t\t\t\t\t<\/a>\n\t\t\t\t<\/div>\n\t\t\t\t\t\t\t\t<\/div>\n\t\t\t\t<\/div>\n\t\t\t\t<\/div>\n\t\t\t\t\t<\/div>\n\t\t\t\t<\/div>\n\t\t\t\t<\/div>\n\t\t<div class=\"elementor-element elementor-element-7795522 e-con-full e-grid e-con e-parent\" data-id=\"7795522\" data-element_type=\"container\" data-settings=\"{&quot;background_background&quot;:&quot;classic&quot;}\">\n\t\t\t\t<div class=\"elementor-element elementor-element-4bddbd7 elementor-widget elementor-widget-image\" data-id=\"4bddbd7\" data-element_type=\"widget\" data-widget_type=\"image.default\">\n\t\t\t\t<div class=\"elementor-widget-container\">\n\t\t\t\t\t\t\t\t\t\t\t\t\t\t\t<img decoding=\"async\" src=\"https:\/\/idpacongress2025.com\/wp-content\/uploads\/elementor\/thumbs\/cropped-cropped-IDPA_2025-Logo-qr5qcs7xuappnr8168jbjzurbc0edx29783jjq686g.png\" title=\"cropped-cropped-IDPA_2025-Logo.png\" alt=\"IDPA 2025 Congress Logo\" loading=\"lazy\" \/>\t\t\t\t\t\t\t\t\t\t\t\t\t\t\t<\/div>\n\t\t\t\t<\/div>\n\t\t\t\t<div class=\"elementor-element elementor-element-11bf82b elementor-widget elementor-widget-heading\" data-id=\"11bf82b\" data-element_type=\"widget\" data-widget_type=\"heading.default\">\n\t\t\t\t<div class=\"elementor-widget-container\">\n\t\t\t\t\t<h1 class=\"elementor-heading-title elementor-size-default\">DONACIONES<\/h1>\t\t\t\t<\/div>\n\t\t\t\t<\/div>\n\t\t\t\t<\/div>\n\t\t<div class=\"elementor-element elementor-element-75a153b e-con-full e-flex e-con e-parent\" data-id=\"75a153b\" data-element_type=\"container\">\n\t\t<div class=\"elementor-element elementor-element-8646a2b e-con-full e-flex e-con e-child\" data-id=\"8646a2b\" data-element_type=\"container\">\n\t\t\t\t<div class=\"elementor-element elementor-element-d9aa311 elementor-align-center elementor-widget elementor-widget-button\" data-id=\"d9aa311\" data-element_type=\"widget\" data-widget_type=\"button.default\">\n\t\t\t\t<div class=\"elementor-widget-container\">\n\t\t\t\t\t\t\t\t\t<div class=\"elementor-button-wrapper\">\n\t\t\t\t\t<a class=\"elementor-button elementor-button-link elementor-size-sm\" href=\"https:\/\/mayahealth.salsalabs.org\/idpa\/index.html\" target=\"_blank\">\n\t\t\t\t\t\t<span class=\"elementor-button-content-wrapper\">\n\t\t\t\t\t\t\t\t\t<span class=\"elementor-button-text\">DONAR<\/span>\n\t\t\t\t\t<\/span>\n\t\t\t\t\t<\/a>\n\t\t\t\t<\/div>\n\t\t\t\t\t\t\t\t<\/div>\n\t\t\t\t<\/div>\n\t\t\t\t<\/div>\n\t\t\t\t<\/div>\n\t\t<div class=\"elementor-element elementor-element-3dd06fb e-flex e-con-boxed e-con e-parent\" data-id=\"3dd06fb\" data-element_type=\"container\" data-settings=\"{&quot;background_background&quot;:&quot;classic&quot;}\">\n\t\t\t\t\t<div class=\"e-con-inner\">\n\t\t\t\t<div class=\"elementor-element elementor-element-19a5eb1 center-mobile elementor-widget elementor-widget-text-editor\" data-id=\"19a5eb1\" data-element_type=\"widget\" data-widget_type=\"text-editor.default\">\n\t\t\t\t<div class=\"elementor-widget-container\">\n\t\t\t\t\t\t\t\t\t<div class=\"bde-div-165-447 bde-div\">\n<div class=\"bde-div-165-448 bde-div\">\n<div class=\"bde-div-165-461 bde-div\">\n<h6><\/h6>\n<\/div>\n<\/div>\n<\/div>\n<h2 class=\"bde-div-165-456 bde-div\"><u>\u00a1Apoye el Futuro de la Atenci\u00f3n Pedi\u00e1trica del Desarrollo en Am\u00e9rica Latina!<\/u><\/h2>\nPor primera vez, el 6.\u00ba Congreso Internacional de Pediatr\u00eda del Desarrollo (IDPA) 2025 se llevar\u00e1 a cabo en Am\u00e9rica Latina, reuniendo a m\u00e1s de 500 profesionales dedicados a impulsar el cuidado pedi\u00e1trico. Su donaci\u00f3n ayuda a garantizar el acceso a investigaciones de vanguardia, capacitaciones dirigidas por expertos y debates innovadores que moldear\u00e1n el futuro del desarrollo y la atenci\u00f3n infantil.\n<div class=\"bde-div-165-447 bde-div\">\n<div class=\"bde-div-165-448 bde-div\">\n<div class=\"bde-div-165-461 bde-div\">\n<h6><\/h6>\n<\/div>\n<\/div>\n<\/div>\nEsta es una oportunidad \u00fanica para crear un impacto duradero en la regi\u00f3n. \u00a1Sea parte del cambio\u2014gracias por su apoyo!\n<div class=\"bde-div-165-447 bde-div\">\n<div class=\"bde-div-165-448 bde-div\">\n<div class=\"bde-div-165-461 bde-div\">\n<h6><\/h6>\n<\/div>\n<\/div>\n<\/div>\nSu donaci\u00f3n ayudar\u00e1 a crear un Congreso innovador y accesible en Guatemala, asegurando experiencias de aprendizaje de primer nivel, oportunidades de networking y avances en la industria, haciendo del <b>Congreso IDPA 2025: Equidad y Oportunidades para todos los Ni\u00f1os<\/b> un \u00e9xito.\n<div class=\"bde-div-165-447 bde-div\">\n<div class=\"bde-div-165-448 bde-div\">\n<div class=\"bde-div-165-461 bde-div\">\n<h6><\/h6>\n<\/div>\n<\/div>\n<\/div>\n<ul>\n \t<li style=\"list-style-type: none;\">\n<ul>\n \t<li><b> $150 <\/b> \u2013 Apoya la coordinaci\u00f3n log\u00edstica y los servicios de interpretaci\u00f3n, asegurando una comunicaci\u00f3n fluida para los asistentes internacionales.<\/li>\n \t<li><b>$250 <\/b> \u2013 Ayuda a cubrir comidas y pausas para el caf\u00e9 para los participantes, fomentando el networking y la colaboraci\u00f3n.<\/li>\n \t<li><b>$500 <\/b> \u2013 Patrocina una sesi\u00f3n de networking, conectando a l\u00edderes de la industria con nuevos talentos.<\/li>\n \t<li><b>$1,200 <\/b> \u2013 Cubre los costos de materiales promocionales, gastos de registro y esfuerzos de difusi\u00f3n, asegurando un alcance y participaci\u00f3n efectivos para el evento. Esta contribuci\u00f3n ayudar\u00e1 a producir materiales de marketing y gestionar el proceso de registro, garantizando una experiencia fluida para todos los participantes.<\/li>\n \t<li><b>$2,500 <\/b> \u2013 Financia tecnolog\u00eda y equipos audiovisuales, permitiendo paneles interactivos y exhibiciones de innovaci\u00f3n.<\/li>\n \t<li><b>$3,000 <\/b> \u2013 Cubre los costos de transporte y alojamiento para expertos internacionales en log\u00edstica, facilitando el intercambio de conocimientos.<\/li>\n \t<li><b>$5,000 <\/b> \u2013 Contribuye al alquiler y montaje del recinto, asegurando un espacio bien equipado para discusiones y presentaciones, incluyendo catering y modernas instalaciones para conferencias.<\/li>\n<\/ul>\n<\/li>\n<\/ul>\n<strong>\u00a1Done ahora y sea parte del camino!<\/strong>\t\t\t\t\t\t\t\t<\/div>\n\t\t\t\t<\/div>\n\t\t\t\t\t<\/div>\n\t\t\t\t<\/div>\n\t\t<div class=\"elementor-element elementor-element-231a973 e-flex e-con-boxed e-con e-parent\" data-id=\"231a973\" data-element_type=\"container\" data-settings=\"{&quot;background_background&quot;:&quot;classic&quot;}\">\n\t\t\t\t\t<div class=\"e-con-inner\">\n\t\t<div class=\"elementor-element elementor-element-97369b7 e-con-full e-flex e-con e-child\" data-id=\"97369b7\" data-element_type=\"container\">\n\t\t\t\t<div class=\"elementor-element elementor-element-06375c8 elementor-widget elementor-widget-image\" data-id=\"06375c8\" data-element_type=\"widget\" data-widget_type=\"image.default\">\n\t\t\t\t<div class=\"elementor-widget-container\">\n\t\t\t\t\t\t\t\t\t\t\t\t\t\t\t<img decoding=\"async\" width=\"522\" height=\"64\" src=\"https:\/\/idpacongress2025.com\/wp-content\/uploads\/2025\/03\/Divider-3-1.png\" class=\"attachment-full size-full wp-image-3490\" alt=\"\" srcset=\"https:\/\/idpacongress2025.com\/wp-content\/uploads\/2025\/03\/Divider-3-1.png 522w, https:\/\/idpacongress2025.com\/wp-content\/uploads\/2025\/03\/Divider-3-1-300x37.png 300w\" sizes=\"(max-width: 522px) 100vw, 522px\" \/>\t\t\t\t\t\t\t\t\t\t\t\t\t\t\t<\/div>\n\t\t\t\t<\/div>\n\t\t\t\t<\/div>\n\t\t\t\t\t<\/div>\n\t\t\t\t<\/div>\n\t\t\t\t<\/div>\n\t\t","protected":false},"excerpt":{"rendered":"<p>Registro DONACIONES DONAR \u00a1Apoye el Futuro de la Atenci\u00f3n Pedi\u00e1trica del Desarrollo en Am\u00e9rica Latina! Por primera vez, el 6.\u00ba Congreso Internacional de Pediatr\u00eda del Desarrollo (IDPA) 2025 se llevar\u00e1 a cabo en Am\u00e9rica Latina, reuniendo a m\u00e1s de 500 profesionales dedicados a impulsar el cuidado pedi\u00e1trico. Su donaci\u00f3n ayuda a garantizar el acceso a [&hellip;]<\/p>\n","protected":false},"author":2,"featured_media":0,"parent":0,"menu_order":0,"comment_status":"closed","ping_status":"closed","template":"elementor_header_footer","meta":{"_monsterinsights_skip_tracking":false,"_monsterinsights_sitenote_active":false,"_monsterinsights_sitenote_note":"","_monsterinsights_sitenote_category":0,"ocean_post_layout":"","ocean_both_sidebars_style":"","ocean_both_sidebars_content_width":0,"ocean_both_sidebars_sidebars_width":0,"ocean_sidebar":"0","ocean_second_sidebar":"0","ocean_disable_margins":"on","ocean_add_body_class":"","ocean_shortcode_before_top_bar":"","ocean_shortcode_after_top_bar":"","ocean_shortcode_before_header":"","ocean_shortcode_after_header":"","ocean_has_shortcode":"","ocean_shortcode_after_title":"","ocean_shortcode_before_footer_widgets":"","ocean_shortcode_after_footer_widgets":"","ocean_shortcode_before_footer_bottom":"","ocean_shortcode_after_footer_bottom":"","ocean_display_top_bar":"default","ocean_display_header":"default","ocean_header_style":"","ocean_center_header_left_menu":"0","ocean_custom_header_template":"0","ocean_custom_logo":0,"ocean_custom_retina_logo":0,"ocean_custom_logo_max_width":0,"ocean_custom_logo_tablet_max_width":0,"ocean_custom_logo_mobile_max_width":0,"ocean_custom_logo_max_height":0,"ocean_custom_logo_tablet_max_height":0,"ocean_custom_logo_mobile_max_height":0,"ocean_header_custom_menu":"0","ocean_menu_typo_font_family":"0","ocean_menu_typo_font_subset":"","ocean_menu_typo_font_size":0,"ocean_menu_typo_font_size_tablet":0,"ocean_menu_typo_font_size_mobile":0,"ocean_menu_typo_font_size_unit":"px","ocean_menu_typo_font_weight":"","ocean_menu_typo_font_weight_tablet":"","ocean_menu_typo_font_weight_mobile":"","ocean_menu_typo_transform":"","ocean_menu_typo_transform_tablet":"","ocean_menu_typo_transform_mobile":"","ocean_menu_typo_line_height":0,"ocean_menu_typo_line_height_tablet":0,"ocean_menu_typo_line_height_mobile":0,"ocean_menu_typo_line_height_unit":"","ocean_menu_typo_spacing":0,"ocean_menu_typo_spacing_tablet":0,"ocean_menu_typo_spacing_mobile":0,"ocean_menu_typo_spacing_unit":"","ocean_menu_link_color":"","ocean_menu_link_color_hover":"","ocean_menu_link_color_active":"","ocean_menu_link_background":"","ocean_menu_link_hover_background":"","ocean_menu_link_active_background":"","ocean_menu_social_links_bg":"","ocean_menu_social_hover_links_bg":"","ocean_menu_social_links_color":"","ocean_menu_social_hover_links_color":"","ocean_disable_title":"enable","ocean_disable_heading":"on","ocean_post_title":"","ocean_post_subheading":"","ocean_post_title_style":"","ocean_post_title_background_color":"","ocean_post_title_background":0,"ocean_post_title_bg_image_position":"","ocean_post_title_bg_image_attachment":"","ocean_post_title_bg_image_repeat":"","ocean_post_title_bg_image_size":"","ocean_post_title_height":0,"ocean_post_title_bg_overlay":0.5,"ocean_post_title_bg_overlay_color":"","ocean_disable_breadcrumbs":"default","ocean_breadcrumbs_color":"","ocean_breadcrumbs_separator_color":"","ocean_breadcrumbs_links_color":"","ocean_breadcrumbs_links_hover_color":"","ocean_display_footer_widgets":"default","ocean_display_footer_bottom":"default","ocean_custom_footer_template":"0","omw_enable_modal_window":"enable","footnotes":""},"class_list":["post-2208","page","type-page","status-publish","hentry","entry"],"aioseo_notices":[],"_links":{"self":[{"href":"https:\/\/idpacongress2025.com\/es\/wp-json\/wp\/v2\/pages\/2208","targetHints":{"allow":["GET"]}}],"collection":[{"href":"https:\/\/idpacongress2025.com\/es\/wp-json\/wp\/v2\/pages"}],"about":[{"href":"https:\/\/idpacongress2025.com\/es\/wp-json\/wp\/v2\/types\/page"}],"author":[{"embeddable":true,"href":"https:\/\/idpacongress2025.com\/es\/wp-json\/wp\/v2\/users\/2"}],"replies":[{"embeddable":true,"href":"https:\/\/idpacongress2025.com\/es\/wp-json\/wp\/v2\/comments?post=2208"}],"version-history":[{"count":14,"href":"https:\/\/idpacongress2025.com\/es\/wp-json\/wp\/v2\/pages\/2208\/revisions"}],"predecessor-version":[{"id":3559,"href":"https:\/\/idpacongress2025.com\/es\/wp-json\/wp\/v2\/pages\/2208\/revisions\/3559"}],"wp:attachment":[{"href":"https:\/\/idpacongress2025.com\/es\/wp-json\/wp\/v2\/media?parent=2208"}],"curies":[{"name":"wp","href":"https:\/\/api.w.org\/{rel}","templated":true}]}}