{"id":2206,"date":"2024-06-25T19:12:03","date_gmt":"2024-06-26T01:12:03","guid":{"rendered":"https:\/\/idpacongress2025.com\/informacion-general-y-visas\/"},"modified":"2025-08-03T23:41:09","modified_gmt":"2025-08-04T05:41:09","slug":"informacion-general-y-visas","status":"publish","type":"page","link":"https:\/\/idpacongress2025.com\/es\/informacion-general-y-visas\/","title":{"rendered":"Informaci\u00f3n General y Visas"},"content":{"rendered":"\t\t<div data-elementor-type=\"wp-post\" data-elementor-id=\"2206\" class=\"elementor elementor-2206 elementor-1210\">\n\t\t\t\t<div class=\"elementor-element elementor-element-d10299b e-con-full e-flex e-con e-parent\" data-id=\"d10299b\" data-element_type=\"container\">\n\t\t<div class=\"elementor-element elementor-element-2a11e77 e-flex e-con-boxed e-con e-child\" data-id=\"2a11e77\" data-element_type=\"container\">\n\t\t\t\t\t<div class=\"e-con-inner\">\n\t\t<div class=\"elementor-element elementor-element-06dc239 e-grid e-con-full e-con e-child\" data-id=\"06dc239\" data-element_type=\"container\">\n\t\t\t\t<div class=\"elementor-element elementor-element-80fa1ac elementor-align-left hero-btn elementor-mobile-align-center elementor-hidden-desktop elementor-hidden-tablet elementor-hidden-mobile elementor-widget elementor-widget-button\" data-id=\"80fa1ac\" data-element_type=\"widget\" data-widget_type=\"button.default\">\n\t\t\t\t<div class=\"elementor-widget-container\">\n\t\t\t\t\t\t\t\t\t<div class=\"elementor-button-wrapper\">\n\t\t\t\t\t<a class=\"elementor-button elementor-button-link elementor-size-sm\" href=\"#\">\n\t\t\t\t\t\t<span class=\"elementor-button-content-wrapper\">\n\t\t\t\t\t\t\t\t\t<span class=\"elementor-button-text\">Registro<\/span>\n\t\t\t\t\t<\/span>\n\t\t\t\t\t<\/a>\n\t\t\t\t<\/div>\n\t\t\t\t\t\t\t\t<\/div>\n\t\t\t\t<\/div>\n\t\t\t\t<\/div>\n\t\t\t\t\t<\/div>\n\t\t\t\t<\/div>\n\t\t\t\t<\/div>\n\t\t<div class=\"elementor-element elementor-element-7795522 e-con-full e-grid e-con e-parent\" data-id=\"7795522\" data-element_type=\"container\" data-settings=\"{&quot;background_background&quot;:&quot;classic&quot;}\">\n\t\t\t\t<div class=\"elementor-element elementor-element-4bddbd7 elementor-widget elementor-widget-image\" data-id=\"4bddbd7\" data-element_type=\"widget\" data-widget_type=\"image.default\">\n\t\t\t\t<div class=\"elementor-widget-container\">\n\t\t\t\t\t\t\t\t\t\t\t\t\t\t\t<img decoding=\"async\" src=\"https:\/\/idpacongress2025.com\/wp-content\/uploads\/elementor\/thumbs\/cropped-cropped-IDPA_2025-Logo-qr5qcs7xuappnr8168jbjzurbc0edx29783jjq686g.png\" title=\"cropped-cropped-IDPA_2025-Logo.png\" alt=\"IDPA 2025 Congress Logo\" loading=\"lazy\" \/>\t\t\t\t\t\t\t\t\t\t\t\t\t\t\t<\/div>\n\t\t\t\t<\/div>\n\t\t\t\t<div class=\"elementor-element elementor-element-c0b5dc0 elementor-widget elementor-widget-heading\" data-id=\"c0b5dc0\" data-element_type=\"widget\" data-widget_type=\"heading.default\">\n\t\t\t\t<div class=\"elementor-widget-container\">\n\t\t\t\t\t<h2 class=\"elementor-heading-title elementor-size-default\">INFORMACI\u00d3N GENERAL \nY \nVISAS <\/h2>\t\t\t\t<\/div>\n\t\t\t\t<\/div>\n\t\t\t\t<\/div>\n\t\t<div class=\"elementor-element elementor-element-75a153b e-con-full e-flex e-con e-parent\" data-id=\"75a153b\" data-element_type=\"container\">\n\t\t<div class=\"elementor-element elementor-element-8646a2b e-con-full e-flex e-con e-child\" data-id=\"8646a2b\" data-element_type=\"container\">\n\t\t\t\t<\/div>\n\t\t\t\t<\/div>\n\t\t<div class=\"elementor-element elementor-element-42a4bf6 e-flex e-con-boxed e-con e-parent\" data-id=\"42a4bf6\" data-element_type=\"container\" data-settings=\"{&quot;background_background&quot;:&quot;classic&quot;}\">\n\t\t\t\t\t<div class=\"e-con-inner\">\n\t\t\t\t<div class=\"elementor-element elementor-element-c912dcc center-mobile elementor-widget elementor-widget-text-editor\" data-id=\"c912dcc\" data-element_type=\"widget\" data-widget_type=\"text-editor.default\">\n\t\t\t\t<div class=\"elementor-widget-container\">\n\t\t\t\t\t\t\t\t\t<p>M\u00e1s informaci\u00f3n puede encontrarse en lo siguiente <a href=\"https:\/\/idpacongress2025.com\/wp-content\/uploads\/2024\/11\/Visas-Ingreso-Guatemala.pdf\" target=\"_blank\" rel=\"noopener\"><span style=\"text-decoration: underline;\"><span style=\"color: #00ccff; text-decoration: underline;\">documento<\/span><\/span><span style=\"color: #00ccff;\"><span style=\"color: #000000;\">.<\/span><\/span><\/a><\/p><h1 style=\"text-align: left; color: #993300;\">Informaci\u00f3n de VISAS<\/h1><hr style=\"background: #777; width: 150px; height: 2px; border: 0;\" \/><h2>Carta de Invitaci\u00f3n<\/h2><p style=\"text-align: left;\"><strong>C\u00f3mo obtener una carta de invitaci\u00f3n para fines de solicitud de visa<\/strong><\/p><p style=\"text-align: left;\">Al completar el registro en l\u00ednea como delegado, por favor indique su solicitud marcando el campo o casilla correspondiente. Las cartas de invitaci\u00f3n solo se emitir\u00e1n una vez que el registro est\u00e9 completo y el pago haya sido realizado. Las cartas de invitaci\u00f3n se enviar\u00e1n por correo electr\u00f3nico.<\/p><p style=\"text-align: left;\"><strong><span style=\"text-decoration: underline;\"><a href=\"https:\/\/www.minex.gob.gt\/Visor_Pagina.aspx?PaginaID=21\">Por favor, haga clic aqu\u00ed para ver qu\u00e9 pa\u00edses requieren visa para ingresar a Guatemala.<\/a><\/span><\/strong><\/p><p>Informaci\u00f3n importante sobre requisitos de visa y tiempos de solicitud para ingresar a Guatemala:<\/p><ol><li><strong>Ciudadanos de pa\u00edses categor\u00eda B sin visas v\u00e1lidas de EE. UU., Canad\u00e1, M\u00e9xico o pa\u00edses Schengen.<\/strong><br \/>Si eres ciudadano de un pa\u00eds categor\u00eda B y no tienes una visa v\u00e1lida de EE. UU., Canad\u00e1, M\u00e9xico o de alg\u00fan pa\u00eds del espacio Schengen, debes solicitar una visa consular guatemalteca de categor\u00eda B antes de viajar. Este proceso requiere la presentaci\u00f3n de documentos y el pago de tarifas correspondientes en un consulado de Guatemala.<br \/><strong>Tiempo recomendado:<\/strong> inicia tu solicitud al menos 4 a 6 semanas antes de la fecha prevista de viaje para permitir el tiempo de procesamiento.<\/li><li><strong>Ciudadanos de pa\u00edses categor\u00eda B con visas v\u00e1lidas de EE. UU., Canad\u00e1, M\u00e9xico o pa\u00edses Schengen.<\/strong><br \/>Si eres ciudadano de un pa\u00eds categor\u00eda B y tienes una visa v\u00e1lida de alguno de los pa\u00edses mencionados, est\u00e1s exento de requerir visa guatemalteca. Ser\u00e1s tratado como categor\u00eda A (exento de visa) seg\u00fan el Art\u00edculo 10 del reglamento de visas guatemalteco.<br \/><strong>Tiempo recomendado:<\/strong> no es necesario hacer una solicitud anticipada de visa; sin embargo, verifica que tu documentaci\u00f3n est\u00e9 vigente antes de viajar.<\/li><li><strong>Ciudadanos de pa\u00edses categor\u00eda C (independientemente de otras visas que posean).<\/strong><br \/>Si eres ciudadano de un pa\u00eds categor\u00eda C, debes solicitar una visa guatemalteca de categor\u00eda C, sin importar si tienes otras visas extranjeras v\u00e1lidas. No hay exenciones para esta categor\u00eda.<br \/><strong>Tiempo recomendado:<\/strong> inicia tu solicitud al menos 6 a 8 semanas antes de la fecha de viaje, ya que el tiempo de procesamiento puede ser m\u00e1s largo.<\/li><\/ol><div style=\"font-size: 12px;\"><strong>Importante:<\/strong> Los tiempos de procesamiento de visas pueden variar seg\u00fan el consulado y otros factores. Se recomienda iniciar el proceso con suficiente anticipaci\u00f3n para evitar retrasos. Para obtener la informaci\u00f3n m\u00e1s precisa y actualizada, consulta con el consulado guatemalteco m\u00e1s cercano o el sitio web oficial del Ministerio de Relaciones Exteriores de Guatemala.<\/div><ul><li>Formato de Aplicaci\u00f3n para <a href=\"https:\/\/idpacongress2025.com\/wp-content\/uploads\/2025\/08\/Solicitude-de-B-Visa-Guatemala.pdf\"><span style=\"text-decoration: underline; color: #00ccff;\"><strong>Visa B<\/strong><\/span><\/a> y\u00a0<a href=\"https:\/\/idpacongress2025.com\/wp-content\/uploads\/2025\/08\/Solicitud-de-C-Visa-para-Guatemala.pdf\"><span style=\"text-decoration: underline; color: #00ccff;\"><strong>Visa C.<\/strong><\/span><\/a><\/li><li><a href=\"https:\/\/docs.google.com\/spreadsheets\/d\/1tf4dXKLCc3LeSZpnrFSZbQI072A-BvwsFsNT7IOL6wg\/edit?gid=924138448#gid=924138448\"><span style=\"text-decoration: underline; color: #00ccff;\"><strong>Haga click aqu\u00ed<\/strong><\/span><\/a> para ver m\u00e1s informaci\u00f3n sobre la lista de pa\u00edses de Visa C y Visa B.<\/li><li><a href=\"https:\/\/www.minex.gob.gt\/visor_pagina.aspx?PaginaID=21\"><span style=\"text-decoration: underline; color: #00ccff;\"><strong>Sitio web<\/strong><\/span><\/a> del Ministerio de Relaciones Exteriores de Guatemala.<\/li><\/ul>\t\t\t\t\t\t\t\t<\/div>\n\t\t\t\t<\/div>\n\t\t\t\t\t<\/div>\n\t\t\t\t<\/div>\n\t\t<div class=\"elementor-element elementor-element-3dd06fb e-flex e-con-boxed e-con e-parent\" data-id=\"3dd06fb\" data-element_type=\"container\" data-settings=\"{&quot;background_background&quot;:&quot;classic&quot;}\">\n\t\t\t\t\t<div class=\"e-con-inner\">\n\t\t\t\t<div class=\"elementor-element elementor-element-19a5eb1 center-mobile elementor-widget elementor-widget-text-editor\" data-id=\"19a5eb1\" data-element_type=\"widget\" data-widget_type=\"text-editor.default\">\n\t\t\t\t<div class=\"elementor-widget-container\">\n\t\t\t\t\t\t\t\t\t<h1 style=\"text-align: left; color: #993300;\">Informaci\u00f3n General<\/h1>\n<hr style=\"background: #777; width: 150px; height: 2px; border: 0;\">\n<div class=\"bde-div-165-447 bde-div\">\n<div class=\"bde-div-165-448 bde-div\">\n<div class=\"bde-div-165-461 bde-div\">\n<h6> <\/h6>\n<\/div>\n<\/div>\n<\/div>\n<h2 class=\"bde-div-165-456 bde-div\">Moneda<\/h2>\n<p>La unidad monetaria es el Quetzal Guatemalteco (GTQ), y el s\u00edmbolo internacional es Q. Q1 = 100 centavos. La moneda se emite en billetes de Q200, Q100, Q50, Q20, Q10, Q5, Q1 y monedas. Por favor, visite <a href=\"http:\/\/www.xe.com\" target=\"_new\" rel=\"noreferrer\"><span style=\"text-decoration: underline;\">www.xe.com<\/span><\/a> para convertir su moneda local.  <\/p>\n<hr>\n<h2> <\/h2>\n<h2 class=\"bde-div-165-456 bde-div\">Impuesto al Valor Agregado (IVA)<\/h2>\n<p>El Impuesto al Valor Agregado (IVA) est\u00e1 incluido en el precio de la mayor\u00eda de los bienes y servicios. Los visitantes deben pagar el IVA sobre los bienes adquiridos. Sin embargo, no se ofrecen reembolsos de IVA para los visitantes extranjeros por los bienes comprados dentro del pa\u00eds.  <\/p>\n<hr>\n<h2> <\/h2>\n<h2 class=\"bde-div-165-456 bde-div\">Banca<\/h2>\n<p>Los bancos se encuentran en la mayor\u00eda de las ciudades y generalmente est\u00e1n abiertos de 09:00 a 16:00 de lunes a viernes y de 09:00 a 12:00 los s\u00e1bados (cerrados los domingos y feriados). La mayor\u00eda de ellos ofrecen servicios de cambio de divisas con efectivo, tarjetas bancarias y de cr\u00e9dito, as\u00ed como cheques de viajero. Tambi\u00e9n puede obtener efectivo de los cajeros autom\u00e1ticos (ATMs). Varias entidades bancarias internacionales tienen sucursales en los principales centros urbanos. Siempre avise a su banco que viajar\u00e1 fuera del pa\u00eds, ya que podr\u00edan bloquear sus compras si no est\u00e1n informados.    <\/p>\n<hr>\n<h2> <\/h2>\n<h2 class=\"bde-div-165-456 bde-div\">Clima<\/h2>\n<p>Diciembre en Ciudad de Guatemala generalmente es fresco y seco. La temperatura promedio es de alrededor de 18 \u00b0C (64 \u00b0F), con un m\u00ednimo de 12 \u00b0C (54 \u00b0F) y un m\u00e1ximo de 24 \u00b0C (75 \u00b0F). Las noches pueden ser m\u00e1s frescas, con temperaturas que a veces bajan a alrededor de 10 \u00b0C (50 \u00b0F). Las temperaturas diurnas suelen ser agradables, alcanzando com\u00fanmente los 25 \u00b0C (77 \u00b0F).   <\/p>\n<hr>\n<h2> <\/h2>\n<h2 class=\"bde-div-165-456 bde-div\">Horario<\/h2>\n<p>Guatemala est\u00e1 en la zona horaria GMT-6 (6 horas detr\u00e1s del Tiempo Medio de Greenwich).<br \/>Ejemplo: 12:00 del mediod\u00eda en Guatemala es:<\/p>\n<p>06:00 en Londres, Reino Unido<br \/>07:00 en Par\u00eds, Francia<br \/>15:00 en S\u00eddney, Australia<br \/>05:00 en Nueva York, USA<\/p>\n<hr>\n<h2 class=\"bde-div-165-456 bde-div\"> <\/h2>\n<h2 class=\"bde-div-165-456 bde-div\"><span style=\"font-size: 20px; font-weight: 600; text-align: var(--text-align); letter-spacing: 0.4px;\">Propinas \/ Gratificaciones<\/span><\/h2>\n<p>Generalmente, se aplica una propina del 10% en la cuenta en los restaurantes, y normalmente queda a discreci\u00f3n del comensal, dependiendo de la calidad del servicio recibido. <span style=\"text-decoration: underline;\">La propina no es obligatoria y se puede dar si se desea.<\/span><\/p>\n<hr>\n<h2 class=\"bde-div-165-456 bde-div\"> <\/h2>\n<h2 class=\"bde-div-165-456 bde-div\">Electricidad<\/h2>\n<p>El suministro de electricidad en Guatemala es de 120 voltios AC, 60Hz. Los electrodom\u00e9sticos de diferente voltaje requieren un transformador (especialmente aquellos con elemento calefactor, como los secadores de pelo). Los adaptadores se pueden conseguir localmente y, en la mayor\u00eda de los casos, est\u00e1n disponibles a trav\u00e9s del conserje de su hotel. Existen 2 tipos de adaptadores:   <\/p>\n<ul>\n<li><strong>Tipo A:<\/strong> Este enchufe tiene dos clavijas planas y paralelas.<\/li>\n<li><strong>Tipo B:<\/strong> Este enchufe tiene dos clavijas planas y paralelas y una clavija de aterrizaje.<\/li>\n<\/ul>\n<hr>\n<h2 class=\"bde-div-165-456 bde-div\"> <\/h2>\n<h2 class=\"bde-div-165-456 bde-div\">Agua<\/h2>\n<p>El agua del grifo en Guatemala generalmente no se recomienda para beber. El agua embotellada est\u00e1 ampliamente disponible a trav\u00e9s del servicio a la habitaci\u00f3n, restaurantes y establecimientos comerciales. <\/p>\n<hr>\n<h2 class=\"bde-div-165-456 bde-div\"> <\/h2>\n<h2 class=\"bde-div-165-456 bde-div\">Seguridad<\/h2>\n<p>Se recomienda a los delegados tomar las precauciones de seguridad habituales. No camine solo por calles tranquilas despu\u00e9s del anochecer. Use un taxi\/Uber por la noche y solo aquellos de una compa\u00f1\u00eda reputada. Consulte con el conserje de su hotel sobre la seguridad de un \u00e1rea espec\u00edfica si tiene dudas. No llame la atenci\u00f3n exhibiendo art\u00edculos costosos como c\u00e1maras, relojes caros y joyas mientras hace turismo. Utilice la caja de seguridad del hotel o la caja fuerte de su habitaci\u00f3n para proteger objetos de valor y pasaportes.     <\/p>\n<hr>\n<h2 class=\"bde-div-165-456 bde-div\"> <\/h2>\n<h2 class=\"bde-div-165-456 bde-div\">Fumar<\/h2>\n<p>Fumar est\u00e1 prohibido por ley en \u00e1reas p\u00fablicas en todo Guatemala, incluidos aeropuertos, centros comerciales y restaurantes. La mayor\u00eda de los espacios p\u00fablicos tienen \u00e1reas de fumadores especialmente designadas. <\/p><\/p>\n\t\t\t\t\t\t\t\t<\/div>\n\t\t\t\t<\/div>\n\t\t\t\t\t<\/div>\n\t\t\t\t<\/div>\n\t\t<div class=\"elementor-element elementor-element-231a973 e-flex e-con-boxed e-con e-parent\" data-id=\"231a973\" data-element_type=\"container\" data-settings=\"{&quot;background_background&quot;:&quot;classic&quot;}\">\n\t\t\t\t\t<div class=\"e-con-inner\">\n\t\t<div class=\"elementor-element elementor-element-c695171 e-con-full e-flex e-con e-child\" data-id=\"c695171\" data-element_type=\"container\">\n\t\t\t\t<div class=\"elementor-element elementor-element-ee664da elementor-widget elementor-widget-image\" data-id=\"ee664da\" data-element_type=\"widget\" data-widget_type=\"image.default\">\n\t\t\t\t<div class=\"elementor-widget-container\">\n\t\t\t\t\t\t\t\t\t\t\t\t\t\t\t<img decoding=\"async\" width=\"522\" height=\"50\" src=\"https:\/\/idpacongress2025.com\/wp-content\/uploads\/2025\/03\/Divider-1-1.png\" class=\"attachment-full size-full wp-image-3547\" alt=\"\" srcset=\"https:\/\/idpacongress2025.com\/wp-content\/uploads\/2025\/03\/Divider-1-1.png 522w, https:\/\/idpacongress2025.com\/wp-content\/uploads\/2025\/03\/Divider-1-1-300x29.png 300w\" sizes=\"(max-width: 522px) 100vw, 522px\" \/>\t\t\t\t\t\t\t\t\t\t\t\t\t\t\t<\/div>\n\t\t\t\t<\/div>\n\t\t\t\t<\/div>\n\t\t\t\t\t<\/div>\n\t\t\t\t<\/div>\n\t\t\t\t<\/div>\n\t\t","protected":false},"excerpt":{"rendered":"<p>Registro INFORMACI\u00d3N GENERAL Y VISAS M\u00e1s informaci\u00f3n puede encontrarse en lo siguiente documento. Informaci\u00f3n de VISAS Carta de Invitaci\u00f3n C\u00f3mo obtener una carta de invitaci\u00f3n para fines de solicitud de visa Al completar el registro en l\u00ednea como delegado, por favor indique su solicitud marcando el campo o casilla correspondiente. Las cartas de invitaci\u00f3n solo [&hellip;]<\/p>\n","protected":false},"author":2,"featured_media":0,"parent":0,"menu_order":0,"comment_status":"closed","ping_status":"closed","template":"elementor_header_footer","meta":{"_monsterinsights_skip_tracking":false,"_monsterinsights_sitenote_active":false,"_monsterinsights_sitenote_note":"","_monsterinsights_sitenote_category":0,"ocean_post_layout":"","ocean_both_sidebars_style":"","ocean_both_sidebars_content_width":0,"ocean_both_sidebars_sidebars_width":0,"ocean_sidebar":"0","ocean_second_sidebar":"0","ocean_disable_margins":"on","ocean_add_body_class":"","ocean_shortcode_before_top_bar":"","ocean_shortcode_after_top_bar":"","ocean_shortcode_before_header":"","ocean_shortcode_after_header":"","ocean_has_shortcode":"","ocean_shortcode_after_title":"","ocean_shortcode_before_footer_widgets":"","ocean_shortcode_after_footer_widgets":"","ocean_shortcode_before_footer_bottom":"","ocean_shortcode_after_footer_bottom":"","ocean_display_top_bar":"default","ocean_display_header":"default","ocean_header_style":"","ocean_center_header_left_menu":"0","ocean_custom_header_template":"0","ocean_custom_logo":0,"ocean_custom_retina_logo":0,"ocean_custom_logo_max_width":0,"ocean_custom_logo_tablet_max_width":0,"ocean_custom_logo_mobile_max_width":0,"ocean_custom_logo_max_height":0,"ocean_custom_logo_tablet_max_height":0,"ocean_custom_logo_mobile_max_height":0,"ocean_header_custom_menu":"0","ocean_menu_typo_font_family":"0","ocean_menu_typo_font_subset":"","ocean_menu_typo_font_size":0,"ocean_menu_typo_font_size_tablet":0,"ocean_menu_typo_font_size_mobile":0,"ocean_menu_typo_font_size_unit":"px","ocean_menu_typo_font_weight":"","ocean_menu_typo_font_weight_tablet":"","ocean_menu_typo_font_weight_mobile":"","ocean_menu_typo_transform":"","ocean_menu_typo_transform_tablet":"","ocean_menu_typo_transform_mobile":"","ocean_menu_typo_line_height":0,"ocean_menu_typo_line_height_tablet":0,"ocean_menu_typo_line_height_mobile":0,"ocean_menu_typo_line_height_unit":"","ocean_menu_typo_spacing":0,"ocean_menu_typo_spacing_tablet":0,"ocean_menu_typo_spacing_mobile":0,"ocean_menu_typo_spacing_unit":"","ocean_menu_link_color":"","ocean_menu_link_color_hover":"","ocean_menu_link_color_active":"","ocean_menu_link_background":"","ocean_menu_link_hover_background":"","ocean_menu_link_active_background":"","ocean_menu_social_links_bg":"","ocean_menu_social_hover_links_bg":"","ocean_menu_social_links_color":"","ocean_menu_social_hover_links_color":"","ocean_disable_title":"enable","ocean_disable_heading":"on","ocean_post_title":"","ocean_post_subheading":"","ocean_post_title_style":"","ocean_post_title_background_color":"","ocean_post_title_background":0,"ocean_post_title_bg_image_position":"","ocean_post_title_bg_image_attachment":"","ocean_post_title_bg_image_repeat":"","ocean_post_title_bg_image_size":"","ocean_post_title_height":0,"ocean_post_title_bg_overlay":0.5,"ocean_post_title_bg_overlay_color":"","ocean_disable_breadcrumbs":"default","ocean_breadcrumbs_color":"","ocean_breadcrumbs_separator_color":"","ocean_breadcrumbs_links_color":"","ocean_breadcrumbs_links_hover_color":"","ocean_display_footer_widgets":"default","ocean_display_footer_bottom":"default","ocean_custom_footer_template":"0","omw_enable_modal_window":"enable","footnotes":""},"class_list":["post-2206","page","type-page","status-publish","hentry","entry"],"aioseo_notices":[],"_links":{"self":[{"href":"https:\/\/idpacongress2025.com\/es\/wp-json\/wp\/v2\/pages\/2206","targetHints":{"allow":["GET"]}}],"collection":[{"href":"https:\/\/idpacongress2025.com\/es\/wp-json\/wp\/v2\/pages"}],"about":[{"href":"https:\/\/idpacongress2025.com\/es\/wp-json\/wp\/v2\/types\/page"}],"author":[{"embeddable":true,"href":"https:\/\/idpacongress2025.com\/es\/wp-json\/wp\/v2\/users\/2"}],"replies":[{"embeddable":true,"href":"https:\/\/idpacongress2025.com\/es\/wp-json\/wp\/v2\/comments?post=2206"}],"version-history":[{"count":22,"href":"https:\/\/idpacongress2025.com\/es\/wp-json\/wp\/v2\/pages\/2206\/revisions"}],"predecessor-version":[{"id":4259,"href":"https:\/\/idpacongress2025.com\/es\/wp-json\/wp\/v2\/pages\/2206\/revisions\/4259"}],"wp:attachment":[{"href":"https:\/\/idpacongress2025.com\/es\/wp-json\/wp\/v2\/media?parent=2206"}],"curies":[{"name":"wp","href":"https:\/\/api.w.org\/{rel}","templated":true}]}}