{"id":2202,"date":"2024-11-26T16:03:58","date_gmt":"2024-11-26T22:03:58","guid":{"rendered":"https:\/\/idpacongress2025.com\/resumen\/"},"modified":"2025-11-27T15:23:52","modified_gmt":"2025-11-27T21:23:52","slug":"resumen","status":"publish","type":"page","link":"https:\/\/idpacongress2025.com\/es\/resumen\/","title":{"rendered":"Resumen"},"content":{"rendered":"\t\t<div data-elementor-type=\"wp-post\" data-elementor-id=\"2202\" class=\"elementor elementor-2202 elementor-2114\">\n\t\t\t\t<div class=\"elementor-element elementor-element-d10299b e-con-full e-flex e-con e-parent\" data-id=\"d10299b\" data-element_type=\"container\">\n\t\t<div class=\"elementor-element elementor-element-e5a0a0f e-flex e-con-boxed e-con e-child\" data-id=\"e5a0a0f\" data-element_type=\"container\">\n\t\t\t\t\t<div class=\"e-con-inner\">\n\t\t<div class=\"elementor-element elementor-element-779c55e e-grid e-con-full e-con e-child\" data-id=\"779c55e\" data-element_type=\"container\">\n\t\t\t\t<div class=\"elementor-element elementor-element-63eb0ce elementor-align-left hero-btn elementor-mobile-align-center elementor-hidden-desktop elementor-hidden-tablet elementor-hidden-mobile elementor-widget elementor-widget-button\" data-id=\"63eb0ce\" data-element_type=\"widget\" data-widget_type=\"button.default\">\n\t\t\t\t<div class=\"elementor-widget-container\">\n\t\t\t\t\t\t\t\t\t<div class=\"elementor-button-wrapper\">\n\t\t\t\t\t<a class=\"elementor-button elementor-button-link elementor-size-sm\" href=\"#\">\n\t\t\t\t\t\t<span class=\"elementor-button-content-wrapper\">\n\t\t\t\t\t\t\t\t\t<span class=\"elementor-button-text\">Registro<\/span>\n\t\t\t\t\t<\/span>\n\t\t\t\t\t<\/a>\n\t\t\t\t<\/div>\n\t\t\t\t\t\t\t\t<\/div>\n\t\t\t\t<\/div>\n\t\t\t\t<\/div>\n\t\t\t\t\t<\/div>\n\t\t\t\t<\/div>\n\t\t\t\t<\/div>\n\t\t<div class=\"elementor-element elementor-element-7795522 e-con-full e-grid e-con e-parent\" data-id=\"7795522\" data-element_type=\"container\" data-settings=\"{&quot;background_background&quot;:&quot;classic&quot;}\">\n\t\t\t\t<div class=\"elementor-element elementor-element-4bddbd7 elementor-widget elementor-widget-image\" data-id=\"4bddbd7\" data-element_type=\"widget\" data-widget_type=\"image.default\">\n\t\t\t\t<div class=\"elementor-widget-container\">\n\t\t\t\t\t\t\t\t\t\t\t\t\t\t\t<img decoding=\"async\" src=\"https:\/\/idpacongress2025.com\/wp-content\/uploads\/elementor\/thumbs\/cropped-cropped-IDPA_2025-Logo-qr5qcs7xuappnr8168jbjzurbc0edx29783jjq686g.png\" title=\"cropped-cropped-IDPA_2025-Logo.png\" alt=\"IDPA 2025 Congress Logo\" loading=\"lazy\" \/>\t\t\t\t\t\t\t\t\t\t\t\t\t\t\t<\/div>\n\t\t\t\t<\/div>\n\t\t\t\t<div class=\"elementor-element elementor-element-11bf82b elementor-widget elementor-widget-heading\" data-id=\"11bf82b\" data-element_type=\"widget\" data-widget_type=\"heading.default\">\n\t\t\t\t<div class=\"elementor-widget-container\">\n\t\t\t\t\t<h1 class=\"elementor-heading-title elementor-size-default\">RESUMENES<\/h1>\t\t\t\t<\/div>\n\t\t\t\t<\/div>\n\t\t\t\t<\/div>\n\t\t<div class=\"elementor-element elementor-element-75a153b e-con-full e-flex e-con e-parent\" data-id=\"75a153b\" data-element_type=\"container\">\n\t\t<div class=\"elementor-element elementor-element-8646a2b e-con-full e-flex e-con e-child\" data-id=\"8646a2b\" data-element_type=\"container\">\n\t\t\t\t<\/div>\n\t\t\t\t<\/div>\n\t\t<div class=\"elementor-element elementor-element-3dd06fb e-flex e-con-boxed e-con e-parent\" data-id=\"3dd06fb\" data-element_type=\"container\" data-settings=\"{&quot;background_background&quot;:&quot;classic&quot;}\">\n\t\t\t\t\t<div class=\"e-con-inner\">\n\t\t\t\t<div class=\"elementor-element elementor-element-4f97d13 elementor-align-center hero-btn elementor-mobile-align-center elementor-widget elementor-widget-button\" data-id=\"4f97d13\" data-element_type=\"widget\" data-widget_type=\"button.default\">\n\t\t\t\t<div class=\"elementor-widget-container\">\n\t\t\t\t\t\t\t\t\t<div class=\"elementor-button-wrapper\">\n\t\t\t\t\t<a class=\"elementor-button elementor-button-link elementor-size-sm\" href=\"https:\/\/evolve.eventoptions.co.za\/register\/idpa2025?p=c118bd50-55c6-11f0-9a2b-ddc3f37f696e%20\" target=\"_blank\">\n\t\t\t\t\t\t<span class=\"elementor-button-content-wrapper\">\n\t\t\t\t\t\t\t\t\t<span class=\"elementor-button-text\">Plataforma de Resumenes<\/span>\n\t\t\t\t\t<\/span>\n\t\t\t\t\t<\/a>\n\t\t\t\t<\/div>\n\t\t\t\t\t\t\t\t<\/div>\n\t\t\t\t<\/div>\n\t\t\t\t<div class=\"elementor-element elementor-element-7d8988f center-mobile elementor-widget__width-initial elementor-widget elementor-widget-text-editor\" data-id=\"7d8988f\" data-element_type=\"widget\" data-widget_type=\"text-editor.default\">\n\t\t\t\t<div class=\"elementor-widget-container\">\n\t\t\t\t\t\t\t\t\t<hr style=\"background: #777; width: 150px; height: 2px; border: 0;\" \/>\n\n<div>\n<div>\n<div>\n<h6><\/h6>\n<\/div>\n<\/div>\n<\/div>\n<h2>Anuncio IDPA 2025: Libro de <b style=\"font-size: 20px; letter-spacing: 0.4px;\">Res\u00famenes<\/b><\/h2>\nEl per\u00edodo de recepci\u00f3n de abstracts cerr\u00f3 oficialmente el 15 de septiembre de 2025.\nAgradecemos sinceramente el esfuerzo y la dedicaci\u00f3n de todas las personas que desearon compartir su trabajo con IDPA 2025.\nSus contribuciones reflejan una inspiradora variedad de ideas y experiencias que enriquecen nuestra misi\u00f3n compartida.\n\nAqu\u00ed pueden acceder al <span style=\"text-decoration: underline;\"><a href=\"https:\/\/idpacongress2025.com\/wp-content\/uploads\/2025\/11\/Abstracts-Nov26-ES.pdf\" target=\"_blank\"><strong>Libro de Res\u00famenes<\/strong><\/a><\/span>, que re\u00fane los maravillosos t\u00edtulos que recibimos este a\u00f1o, un verdadero testimonio de la pasi\u00f3n y diversidad de nuestra comunidad global.\n\u00a1Nos vemos en diciembre de 2025!\n<h4><b>Pr\u00f3ximos Pasos<\/b><\/h4>\n<strong>Inscripci\u00f3n:\n<\/strong>Todos los autores con abstracts aceptados deben registrarse para participar en el Congreso.\nEl registro debe corresponder al pa\u00eds de residencia o documento de viaje (pasaporte\/identificaci\u00f3n) para asegurar un proceso correcto de visa y entrada.\n<strong>IDPA<\/strong> y <strong>Wuqu\u2019 Kawoq<\/strong> no pueden ofrecer patrocinio de viaje ni asumir responsabilidades relacionadas con la log\u00edstica de traslado.\n<ul>\n \t<li><span style=\"text-decoration: underline; color: #00ccff;\"><strong><a style=\"color: #00ccff;\" href=\"https:\/\/evolve.eventoptions.co.za\/register\/idpa2025?p=c118bd50-55c6-11f0-9a2b-ddc3f37f696e\" target=\"_blank\"><b>Enlace de descuento para la inscripci\u00f3n de res\u00famenes<\/b><\/a><\/strong><\/span><\/li>\n<\/ul>\n<b>Cuotas de inscripci\u00f3n:<\/b><span style=\"font-weight: 400;\"> Seleccione el pa\u00eds correspondiente a las tarifas que debe pagar. Por favor, preste especial atenci\u00f3n a este paso para evitar cargos adicionales<\/span>\n\n<b>Documentaci\u00f3n de viaje:<\/b><span style=\"font-weight: 400;\"> Los participantes son responsables de obtener las visas, permisos o arreglos de viaje necesarios. Se recomienda planificar con anticipaci\u00f3n para cumplir con los requisitos de su pa\u00eds.<\/span>\n<h4><b>Instrucciones para la Presentaci\u00f3n<\/b><\/h4>\nPor favor, siga cuidadosamente las instrucciones para preparar su presentaci\u00f3n conforme a las directrices de IDPA 2025:\n<ul>\n \t<li style=\"font-weight: 400;\" aria-level=\"1\"><a href=\"https:\/\/idpacongress2025.com\/wp-content\/uploads\/2025\/11\/Instrucciones-finales-para-las-presentaciones-orales-\u2013-Congreso-IDPA-2025.pdf\"><span style=\"text-decoration: underline;\"><span style=\"font-weight: 400;\">Instrucciones para la presentaci\u00f3n oral<\/span><\/span><\/a><\/li>\n \t<li style=\"font-weight: 400;\" aria-level=\"1\"><a href=\"https:\/\/wuqukawoq.org\/wp-content\/uploads\/2025\/09\/IDPA2025-Guia-de-presentacion-poster.pdf\"><span style=\"text-decoration: underline;\"><span style=\"font-weight: 400;\">Instrucciones para la presentaci\u00f3n de p\u00f3steres<\/span><\/span><\/a><\/li>\n \t<li style=\"font-weight: 400;\" aria-level=\"1\"><span style=\"text-decoration: underline;\"><a href=\"https:\/\/wuqukawoq.org\/wp-content\/uploads\/2025\/09\/2025-Slides.pptx\"><span style=\"font-weight: 400;\">Descarga del formato de presentaci\u00f3n<\/span><\/a><\/span><\/li>\n<\/ul>\n<h2>\u00bfPreguntas?<\/h2>\n<span style=\"font-weight: 400;\">Env\u00edanos un correo a:<\/span><span style=\"font-weight: 400;\">\u00a0<\/span><span style=\"text-decoration: underline;\"><a href=\"mailto:idpaguatemala@wuqukawoq.org\"><b>idpaguatemala@wuqukawoq.org<\/b><\/a><\/span><b>\n<\/b>Por favor incluya el t\u00edtulo de su resumen y el n\u00famero de referencia en su mensaje.\t\t\t\t\t\t\t\t<\/div>\n\t\t\t\t<\/div>\n\t\t\t\t<div class=\"elementor-element elementor-element-548c13a elementor-widget elementor-widget-image\" data-id=\"548c13a\" data-element_type=\"widget\" data-widget_type=\"image.default\">\n\t\t\t\t<div class=\"elementor-widget-container\">\n\t\t\t\t\t\t\t\t\t\t\t\t\t\t\t<img decoding=\"async\" width=\"522\" height=\"67\" src=\"https:\/\/idpacongress2025.com\/wp-content\/uploads\/2025\/03\/Divider-2.png\" class=\"attachment-full size-full wp-image-3377\" alt=\"\" srcset=\"https:\/\/idpacongress2025.com\/wp-content\/uploads\/2025\/03\/Divider-2.png 522w, https:\/\/idpacongress2025.com\/wp-content\/uploads\/2025\/03\/Divider-2-300x39.png 300w\" sizes=\"(max-width: 522px) 100vw, 522px\" \/>\t\t\t\t\t\t\t\t\t\t\t\t\t\t\t<\/div>\n\t\t\t\t<\/div>\n\t\t\t\t\t<\/div>\n\t\t\t\t<\/div>\n\t\t\t\t<\/div>\n\t\t","protected":false},"excerpt":{"rendered":"<p>Registro RESUMENES Plataforma de Resumenes Anuncio IDPA 2025: Libro de Res\u00famenes El per\u00edodo de recepci\u00f3n de abstracts cerr\u00f3 oficialmente el 15 de septiembre de 2025. Agradecemos sinceramente el esfuerzo y la dedicaci\u00f3n de todas las personas que desearon compartir su trabajo con IDPA 2025. Sus contribuciones reflejan una inspiradora variedad de ideas y experiencias que [&hellip;]<\/p>\n","protected":false},"author":2,"featured_media":0,"parent":0,"menu_order":0,"comment_status":"closed","ping_status":"closed","template":"elementor_header_footer","meta":{"_monsterinsights_skip_tracking":false,"_monsterinsights_sitenote_active":false,"_monsterinsights_sitenote_note":"","_monsterinsights_sitenote_category":0,"ocean_post_layout":"","ocean_both_sidebars_style":"","ocean_both_sidebars_content_width":0,"ocean_both_sidebars_sidebars_width":0,"ocean_sidebar":"0","ocean_second_sidebar":"0","ocean_disable_margins":"on","ocean_add_body_class":"","ocean_shortcode_before_top_bar":"","ocean_shortcode_after_top_bar":"","ocean_shortcode_before_header":"","ocean_shortcode_after_header":"","ocean_has_shortcode":"","ocean_shortcode_after_title":"","ocean_shortcode_before_footer_widgets":"","ocean_shortcode_after_footer_widgets":"","ocean_shortcode_before_footer_bottom":"","ocean_shortcode_after_footer_bottom":"","ocean_display_top_bar":"default","ocean_display_header":"default","ocean_header_style":"","ocean_center_header_left_menu":"0","ocean_custom_header_template":"0","ocean_custom_logo":0,"ocean_custom_retina_logo":0,"ocean_custom_logo_max_width":0,"ocean_custom_logo_tablet_max_width":0,"ocean_custom_logo_mobile_max_width":0,"ocean_custom_logo_max_height":0,"ocean_custom_logo_tablet_max_height":0,"ocean_custom_logo_mobile_max_height":0,"ocean_header_custom_menu":"0","ocean_menu_typo_font_family":"0","ocean_menu_typo_font_subset":"","ocean_menu_typo_font_size":0,"ocean_menu_typo_font_size_tablet":0,"ocean_menu_typo_font_size_mobile":0,"ocean_menu_typo_font_size_unit":"px","ocean_menu_typo_font_weight":"","ocean_menu_typo_font_weight_tablet":"","ocean_menu_typo_font_weight_mobile":"","ocean_menu_typo_transform":"","ocean_menu_typo_transform_tablet":"","ocean_menu_typo_transform_mobile":"","ocean_menu_typo_line_height":0,"ocean_menu_typo_line_height_tablet":0,"ocean_menu_typo_line_height_mobile":0,"ocean_menu_typo_line_height_unit":"","ocean_menu_typo_spacing":0,"ocean_menu_typo_spacing_tablet":0,"ocean_menu_typo_spacing_mobile":0,"ocean_menu_typo_spacing_unit":"","ocean_menu_link_color":"","ocean_menu_link_color_hover":"","ocean_menu_link_color_active":"","ocean_menu_link_background":"","ocean_menu_link_hover_background":"","ocean_menu_link_active_background":"","ocean_menu_social_links_bg":"","ocean_menu_social_hover_links_bg":"","ocean_menu_social_links_color":"","ocean_menu_social_hover_links_color":"","ocean_disable_title":"enable","ocean_disable_heading":"on","ocean_post_title":"","ocean_post_subheading":"","ocean_post_title_style":"","ocean_post_title_background_color":"","ocean_post_title_background":0,"ocean_post_title_bg_image_position":"","ocean_post_title_bg_image_attachment":"","ocean_post_title_bg_image_repeat":"","ocean_post_title_bg_image_size":"","ocean_post_title_height":0,"ocean_post_title_bg_overlay":0.5,"ocean_post_title_bg_overlay_color":"","ocean_disable_breadcrumbs":"default","ocean_breadcrumbs_color":"","ocean_breadcrumbs_separator_color":"","ocean_breadcrumbs_links_color":"","ocean_breadcrumbs_links_hover_color":"","ocean_display_footer_widgets":"default","ocean_display_footer_bottom":"default","ocean_custom_footer_template":"0","omw_enable_modal_window":"enable","footnotes":""},"class_list":["post-2202","page","type-page","status-publish","hentry","entry"],"aioseo_notices":[],"_links":{"self":[{"href":"https:\/\/idpacongress2025.com\/es\/wp-json\/wp\/v2\/pages\/2202","targetHints":{"allow":["GET"]}}],"collection":[{"href":"https:\/\/idpacongress2025.com\/es\/wp-json\/wp\/v2\/pages"}],"about":[{"href":"https:\/\/idpacongress2025.com\/es\/wp-json\/wp\/v2\/types\/page"}],"author":[{"embeddable":true,"href":"https:\/\/idpacongress2025.com\/es\/wp-json\/wp\/v2\/users\/2"}],"replies":[{"embeddable":true,"href":"https:\/\/idpacongress2025.com\/es\/wp-json\/wp\/v2\/comments?post=2202"}],"version-history":[{"count":67,"href":"https:\/\/idpacongress2025.com\/es\/wp-json\/wp\/v2\/pages\/2202\/revisions"}],"predecessor-version":[{"id":4683,"href":"https:\/\/idpacongress2025.com\/es\/wp-json\/wp\/v2\/pages\/2202\/revisions\/4683"}],"wp:attachment":[{"href":"https:\/\/idpacongress2025.com\/es\/wp-json\/wp\/v2\/media?parent=2202"}],"curies":[{"name":"wp","href":"https:\/\/api.w.org\/{rel}","templated":true}]}}